{"id":259304,"date":"2024-05-17T15:36:50","date_gmt":"2024-05-17T15:36:50","guid":{"rendered":"https:\/\/eatfatso.com\/communaute\/"},"modified":"2025-08-21T17:23:11","modified_gmt":"2025-08-21T17:23:11","slug":"communaute","status":"publish","type":"page","link":"https:\/\/eatfatso.com\/fr\/communaute\/","title":{"rendered":"Communaut\u00e9"},"content":{"rendered":"<p>[et_pb_section fb_built=\u00a0\u00bb1&Prime; _builder_version=\u00a0\u00bb4.25.1&Prime; _module_preset=\u00a0\u00bbdefault\u00a0\u00bb custom_padding=\u00a0\u00bb||0px||false|false\u00a0\u00bb global_colors_info=\u00a0\u00bb{}\u00a0\u00bb][et_pb_row column_structure=\u00a0\u00bb1_2,1_2&Prime; make_equal=\u00a0\u00bbon\u00a0\u00bb _builder_version=\u00a0\u00bb4.25.1&Prime; _module_preset=\u00a0\u00bbdefault\u00a0\u00bb global_colors_info=\u00a0\u00bb{}\u00a0\u00bb][et_pb_column type=\u00a0\u00bb1_2&Prime; _builder_version=\u00a0\u00bb4.25.1&Prime; _module_preset=\u00a0\u00bbdefault\u00a0\u00bb custom_css_main_element=\u00a0\u00bbmargin: auto;\u00a0\u00bb global_colors_info=\u00a0\u00bb{}\u00a0\u00bb][et_pb_heading title=\u00a0\u00bbNOTRE ENGAGEMENT AUPR\u00c8S DE LA COMMUNAUT\u00c9\u00a0\u00bb _builder_version=\u00a0\u00bb4.27.0&Prime; _module_preset=\u00a0\u00bbdefault\u00a0\u00bb title_font=\u00a0\u00bb|700|||||||\u00a0\u00bb title_font_size=\u00a0\u00bb6em\u00a0\u00bb hover_enabled=\u00a0\u00bb0&Prime; title_font_size_tablet=\u00a0\u00bb3em\u00a0\u00bb title_font_size_phone=\u00a0\u00bb3em\u00a0\u00bb title_font_size_last_edited=\u00a0\u00bbon|phone\u00a0\u00bb global_colors_info=\u00a0\u00bb{}\u00a0\u00bb sticky_enabled=\u00a0\u00bb0&Prime;][\/et_pb_heading][et_pb_text _builder_version=\u00a0\u00bb4.27.0&Prime; _module_preset=\u00a0\u00bbdefault\u00a0\u00bb text_font=\u00a0\u00bb|300|||||||\u00a0\u00bb text_font_size=\u00a0\u00bb1.2em\u00a0\u00bb text_line_height=\u00a0\u00bb1.9em\u00a0\u00bb hover_enabled=\u00a0\u00bb0&Prime; text_font_size_tablet=\u00a0\u00bb1.2em\u00a0\u00bb text_font_size_phone=\u00a0\u00bb1.2em\u00a0\u00bb text_font_size_last_edited=\u00a0\u00bbon|desktop\u00a0\u00bb text_line_height_tablet=\u00a0\u00bb1.9em\u00a0\u00bb text_line_height_phone=\u00a0\u00bb1.9em\u00a0\u00bb text_line_height_last_edited=\u00a0\u00bbon|desktop\u00a0\u00bb global_colors_info=\u00a0\u00bb{}\u00a0\u00bb sticky_enabled=\u00a0\u00bb0&Prime;]<\/p>\n<p>En tant que marque, nous nous mettons au d\u00e9fi d\u2019\u00eatre \u00ab meilleur d\u2019arachides \u00bb. Pour nous, \u00e7a veut dire non seulement proposer un produit qui soit meilleur pour nos clients, mais aussi contribuer \u00e0 am\u00e9liorer la vie de toutes celles et tous ceux qui nous entourent. Voici quelques exemples d\u2019initiatives auxquelles nous avons pris part.  <\/p>\n<p>[\/et_pb_text][\/et_pb_column][et_pb_column type=\u00a0\u00bb1_2&Prime; _builder_version=\u00a0\u00bb4.25.1&Prime; _module_preset=\u00a0\u00bbdefault\u00a0\u00bb custom_css_main_element=\u00a0\u00bbmargin: auto;\u00a0\u00bb global_colors_info=\u00a0\u00bb{}\u00a0\u00bb][dipi_image_mask image=\u00a0\u00bbhttps:\/\/eatfatso.com\/wp-content\/uploads\/2024\/05\/download-scaled.webp\u00a0\u00bb shape=\u00a0\u00bbShape32&Prime; _builder_version=\u00a0\u00bb4.27.0&Prime; _module_preset=\u00a0\u00bbdefault\u00a0\u00bb hover_enabled=\u00a0\u00bb0&Prime; global_colors_info=\u00a0\u00bb{}\u00a0\u00bb sticky_enabled=\u00a0\u00bb0&Prime;][\/dipi_image_mask][\/et_pb_column][\/et_pb_row][\/et_pb_section][et_pb_section fb_built=\u00a0\u00bb1&Prime; _builder_version=\u00a0\u00bb4.25.1&Prime; _module_preset=\u00a0\u00bbdefault\u00a0\u00bb custom_margin=\u00a0\u00bb-80px||||false|false\u00a0\u00bb custom_margin_tablet=\u00a0\u00bb-80px||||false|false\u00a0\u00bb custom_margin_phone=\u00a0\u00bb-80px||||false|false\u00a0\u00bb custom_margin_last_edited=\u00a0\u00bbon|desktop\u00a0\u00bb custom_padding=\u00a0\u00bb0px||0px||true|false\u00a0\u00bb global_colors_info=\u00a0\u00bb{}\u00a0\u00bb][et_pb_row use_custom_gutter=\u00a0\u00bbon\u00a0\u00bb gutter_width=\u00a0\u00bb1&Prime; _builder_version=\u00a0\u00bb4.25.1&Prime; _module_preset=\u00a0\u00bbdefault\u00a0\u00bb width=\u00a0\u00bb100%\u00a0\u00bb max_width=\u00a0\u00bb2560px\u00a0\u00bb custom_padding=\u00a0\u00bb0px||0px||true|false\u00a0\u00bb global_colors_info=\u00a0\u00bb{}\u00a0\u00bb][et_pb_column type=\u00a0\u00bb4_4&Prime; _builder_version=\u00a0\u00bb4.25.1&Prime; _module_preset=\u00a0\u00bbdefault\u00a0\u00bb global_colors_info=\u00a0\u00bb{}\u00a0\u00bb][et_pb_code _builder_version=\u00a0\u00bb4.25.1&Prime; _module_preset=\u00a0\u00bbdefault\u00a0\u00bb custom_padding=\u00a0\u00bb||0px||false|false\u00a0\u00bb global_colors_info=\u00a0\u00bb{}\u00a0\u00bb]<svg xmlns=\"https:\/\/www.w3.org\/2000\/svg\" class=\"waves top-wave\" viewbox=\"0 0 1962 242\" preserveaspectratio=\"none\" fill=\"none\">&gt;<!-- [et_pb_line_break_holder] -->    <path xmlns=\"https:\/\/www.w3.org\/2000\/svg\" d=\"M2091.62 903.471L-537.456 1162.01L-425.541 154.323C-425.541 154.323 8.83165 252.862 289.028 232.064C435.551 221.189 506.028 124.977 663.028 161.564C832.528 201.064 928 211.676 1037.53 210.064C1209.5 207.533 1414.53 20.7668 1556.03 5.56428C1697.53 -9.63825 1771.89 135.386 1851.53 117.064C2091.5 61.8543 2114.84 13.7054 2114.84 13.7054L2091.62 903.471Z\" fill=\"#D0E6EE\"><\/path><!-- [et_pb_line_break_holder] -->  <\/svg>[\/et_pb_code][\/et_pb_column][\/et_pb_row][\/et_pb_section][et_pb_section fb_built=\u00a0\u00bb1&Prime; _builder_version=\u00a0\u00bb4.25.1&Prime; _module_preset=\u00a0\u00bbdefault\u00a0\u00bb background_color=\u00a0\u00bb#d0e6ee\u00a0\u00bb custom_margin=\u00a0\u00bb-8px||||false|false\u00a0\u00bb global_colors_info=\u00a0\u00bb{}\u00a0\u00bb][et_pb_row column_structure=\u00a0\u00bb1_2,1_2&Prime; _builder_version=\u00a0\u00bb4.25.1&Prime; _module_preset=\u00a0\u00bbdefault\u00a0\u00bb global_colors_info=\u00a0\u00bb{}\u00a0\u00bb][et_pb_column type=\u00a0\u00bb1_2&Prime; _builder_version=\u00a0\u00bb4.25.1&Prime; _module_preset=\u00a0\u00bbdefault\u00a0\u00bb animation_style=\u00a0\u00bbfade\u00a0\u00bb global_colors_info=\u00a0\u00bb{}\u00a0\u00bb][et_pb_image src=\u00a0\u00bbhttps:\/\/eatfatso.com\/wp-content\/uploads\/2024\/07\/FATSO-Recycles-1.png\u00a0\u00bb alt=\u00a0\u00bbPROJET DE RECYCLAGE\u00a0\u00bb title_text=\u00a0\u00bbPROJET DE RECYCLAGE\u00a0\u00bb _builder_version=\u00a0\u00bb4.25.2&Prime; _module_preset=\u00a0\u00bbdefault\u00a0\u00bb animation_style=\u00a0\u00bbfade\u00a0\u00bb global_colors_info=\u00a0\u00bb{}\u00a0\u00bb][\/et_pb_image][\/et_pb_column][et_pb_column type=\u00a0\u00bb1_2&Prime; _builder_version=\u00a0\u00bb4.25.1&Prime; _module_preset=\u00a0\u00bbdefault\u00a0\u00bb global_colors_info=\u00a0\u00bb{}\u00a0\u00bb][et_pb_heading title=\u00a0\u00bbPROJET DE RECYCLAGE\u00a0\u00bb _builder_version=\u00a0\u00bb4.27.0&Prime; _module_preset=\u00a0\u00bbdefault\u00a0\u00bb title_level=\u00a0\u00bbh2&Prime; title_font=\u00a0\u00bb|700|||||||\u00a0\u00bb title_font_size=\u00a0\u00bb6em\u00a0\u00bb animation_style=\u00a0\u00bbfade\u00a0\u00bb title_font_size_tablet=\u00a0\u00bb3em\u00a0\u00bb title_font_size_phone=\u00a0\u00bb3em\u00a0\u00bb title_font_size_last_edited=\u00a0\u00bbon|phone\u00a0\u00bb global_colors_info=\u00a0\u00bb{}\u00a0\u00bb][\/et_pb_heading][et_pb_text _builder_version=\u00a0\u00bb4.25.2&Prime; _module_preset=\u00a0\u00bbdefault\u00a0\u00bb text_font=\u00a0\u00bb|300|||||||\u00a0\u00bb text_font_size=\u00a0\u00bb1.2em\u00a0\u00bb text_line_height=\u00a0\u00bb1.9em\u00a0\u00bb text_font_size_tablet=\u00a0\u00bb1.2em\u00a0\u00bb text_font_size_phone=\u00a0\u00bb1.2em\u00a0\u00bb text_font_size_last_edited=\u00a0\u00bbon|desktop\u00a0\u00bb text_line_height_tablet=\u00a0\u00bb1.9em\u00a0\u00bb text_line_height_phone=\u00a0\u00bb1.9em\u00a0\u00bb text_line_height_last_edited=\u00a0\u00bbon|desktop\u00a0\u00bb global_colors_info=\u00a0\u00bb{}\u00a0\u00bb]<\/p>\n<p>Nous utilisons beaucoup de bocaux en plastique. Nous travaillons jour apr\u00e8s jour \u00e0 trouver des solutions innovantes au probl\u00e8me que pr\u00e9sente le plastique, avec notamment un possible passage d\u00e8s que possible \u00e0 une mati\u00e8re recycl\u00e9e postconsommation. On nous demande souvent pourquoi ne pas simplement \u00ab passer au verre \u00bb. Excellente question. Mais un tel changement pose un d\u00e9fi. En passant au verre, les nouveaux co\u00fbts priveraient certaines personnes de nos produits. Est-ce que c\u2019est plus \u00e9cologique? Absolument. Est-ce que tout le monde peut se permettre Fatso dans des bocaux en verre? Non. C\u2019est pour cette raison qu\u2019un tel changement est, pour l\u2019instant, hors de question. Ceci \u00e9tant dit, nos bocaux en verre actuels sont 100 % recyclables, de l\u2019\u00e9tiquette au couvercle, et nous continuerons de nous efforcer de trouver de nouveaux processus pour rendre nos activit\u00e9s aussi \u00e9cologiques que possible.           <\/p>\n<p>[\/et_pb_text][\/et_pb_column][\/et_pb_row][\/et_pb_section][et_pb_section fb_built=\u00a0\u00bb1&Prime; _builder_version=\u00a0\u00bb4.25.1&Prime; _module_preset=\u00a0\u00bbdefault\u00a0\u00bb background_color=\u00a0\u00bb#d0e6ee\u00a0\u00bb custom_margin=\u00a0\u00bb-8px||||false|false\u00a0\u00bb custom_padding=\u00a0\u00bb0px||0px||true|false\u00a0\u00bb global_colors_info=\u00a0\u00bb{}\u00a0\u00bb][et_pb_row column_structure=\u00a0\u00bb1_2,1_2&Prime; make_equal=\u00a0\u00bbon\u00a0\u00bb module_class=\u00a0\u00bbcustom_row\u00a0\u00bb _builder_version=\u00a0\u00bb4.25.2&Prime; _module_preset=\u00a0\u00bbdefault\u00a0\u00bb global_colors_info=\u00a0\u00bb{}\u00a0\u00bb][et_pb_column type=\u00a0\u00bb1_2&Prime; module_class=\u00a0\u00bbsecond-on-mobile\u00a0\u00bb _builder_version=\u00a0\u00bb4.25.2&Prime; _module_preset=\u00a0\u00bbdefault\u00a0\u00bb animation_style=\u00a0\u00bbfade\u00a0\u00bb custom_css_main_element=\u00a0\u00bbmargin: auto;\u00a0\u00bb global_colors_info=\u00a0\u00bb{}\u00a0\u00bb][et_pb_heading title=\u00a0\u00bbSTRUCTURE DE L\u2019ENTREPRISE ET POLITIQUES\u00a0\u00bb _builder_version=\u00a0\u00bb4.27.0&Prime; _module_preset=\u00a0\u00bbdefault\u00a0\u00bb title_level=\u00a0\u00bbh2&Prime; title_font=\u00a0\u00bb|700|||||||\u00a0\u00bb title_font_size=\u00a0\u00bb6em\u00a0\u00bb animation_style=\u00a0\u00bbfade\u00a0\u00bb title_font_size_tablet=\u00a0\u00bb3em\u00a0\u00bb title_font_size_phone=\u00a0\u00bb3em\u00a0\u00bb title_font_size_last_edited=\u00a0\u00bbon|phone\u00a0\u00bb global_colors_info=\u00a0\u00bb{}\u00a0\u00bb][\/et_pb_heading][et_pb_text _builder_version=\u00a0\u00bb4.25.2&Prime; _module_preset=\u00a0\u00bbdefault\u00a0\u00bb text_font=\u00a0\u00bb|300|||||||\u00a0\u00bb text_font_size=\u00a0\u00bb1.2em\u00a0\u00bb text_line_height=\u00a0\u00bb1.9em\u00a0\u00bb text_font_size_tablet=\u00a0\u00bb1.2em\u00a0\u00bb text_font_size_phone=\u00a0\u00bb1.2em\u00a0\u00bb text_font_size_last_edited=\u00a0\u00bbon|desktop\u00a0\u00bb text_line_height_tablet=\u00a0\u00bb1.9em\u00a0\u00bb text_line_height_phone=\u00a0\u00bb1.9em\u00a0\u00bb text_line_height_last_edited=\u00a0\u00bbon|desktop\u00a0\u00bb global_colors_info=\u00a0\u00bb{}\u00a0\u00bb]<\/p>\n<p>En interne, nous avons pour objectif de continuer \u00e0 servir nos employ\u00e9s et \u00e0 leur faire b\u00e9n\u00e9ficier de politiques d\u2019emploi sup\u00e9rieures \u00e0 la norme incluant des cong\u00e9s de maladie et de sant\u00e9 mentale pay\u00e9s, un engagement en faveur de la diversit\u00e9 et de l\u2019inclusion dans notre processus d\u2019embauche et de s\u00e9lection de fournisseurs et la participation aux audits <a href=\"https:\/\/www.sedex.com\/solutions\/smeta-audit\/\" target=\"_blank\" rel=\"noopener\" title=\"SMETA Social Audits\">sociaux de SMETA<\/a>.<\/p>\n<p>[\/et_pb_text][\/et_pb_column][et_pb_column type=\u00a0\u00bb1_2&Prime; module_class=\u00a0\u00bbfirst-on-mobile\u00a0\u00bb _builder_version=\u00a0\u00bb4.25.2&Prime; _module_preset=\u00a0\u00bbdefault\u00a0\u00bb custom_css_main_element=\u00a0\u00bbmargin: auto;\u00a0\u00bb global_colors_info=\u00a0\u00bb{}\u00a0\u00bb][et_pb_image src=\u00a0\u00bbhttps:\/\/eatfatso.com\/wp-content\/uploads\/2024\/05\/Group_208_405c883e-e817-4b83-885a-ac40f77b394f_540x.webp\u00a0\u00bb title_text=\u00a0\u00bbGroup_208_405c883e-e817-4b83-885a-ac40f77b394f_540x\u00a0\u00bb _builder_version=\u00a0\u00bb4.25.1&Prime; _module_preset=\u00a0\u00bbdefault\u00a0\u00bb animation_style=\u00a0\u00bbfade\u00a0\u00bb global_colors_info=\u00a0\u00bb{}\u00a0\u00bb][\/et_pb_image][\/et_pb_column][\/et_pb_row][\/et_pb_section][et_pb_section fb_built=\u00a0\u00bb1&Prime; _builder_version=\u00a0\u00bb4.25.1&Prime; _module_preset=\u00a0\u00bbdefault\u00a0\u00bb background_color=\u00a0\u00bb#d0e6ee\u00a0\u00bb custom_padding=\u00a0\u00bb0px||0px||true|false\u00a0\u00bb global_colors_info=\u00a0\u00bb{}\u00a0\u00bb][et_pb_row column_structure=\u00a0\u00bb1_2,1_2&Prime; make_equal=\u00a0\u00bbon\u00a0\u00bb module_class=\u00a0\u00bbcustom_row\u00a0\u00bb _builder_version=\u00a0\u00bb4.25.2&Prime; _module_preset=\u00a0\u00bbdefault\u00a0\u00bb global_colors_info=\u00a0\u00bb{}\u00a0\u00bb][et_pb_column type=\u00a0\u00bb1_2&Prime; _builder_version=\u00a0\u00bb4.25.2&Prime; _module_preset=\u00a0\u00bbdefault\u00a0\u00bb animation_style=\u00a0\u00bbfade\u00a0\u00bb custom_css_main_element=\u00a0\u00bbmargin: auto;\u00a0\u00bb global_colors_info=\u00a0\u00bb{}\u00a0\u00bb][dipi_image_mask image=\u00a0\u00bbhttps:\/\/eatfatso.com\/wp-content\/uploads\/2024\/06\/fitsum-admasu-oGv9xIl7DkY-unsplash.jpg\u00a0\u00bb image_width=\u00a0\u00bb124%\u00a0\u00bb _builder_version=\u00a0\u00bb4.25.2&Prime; _module_preset=\u00a0\u00bbdefault\u00a0\u00bb animation_style=\u00a0\u00bbfade\u00a0\u00bb global_colors_info=\u00a0\u00bb{}\u00a0\u00bb][\/dipi_image_mask][\/et_pb_column][et_pb_column type=\u00a0\u00bb1_2&Prime; _builder_version=\u00a0\u00bb4.25.2&Prime; _module_preset=\u00a0\u00bbdefault\u00a0\u00bb custom_css_main_element=\u00a0\u00bbmargin: auto;\u00a0\u00bb global_colors_info=\u00a0\u00bb{}\u00a0\u00bb][et_pb_heading title=\u00a0\u00bbVIE SAINE\u00a0\u00bb _builder_version=\u00a0\u00bb4.27.0&Prime; _module_preset=\u00a0\u00bbdefault\u00a0\u00bb title_level=\u00a0\u00bbh2&Prime; title_font=\u00a0\u00bb|700|||||||\u00a0\u00bb title_font_size=\u00a0\u00bb6em\u00a0\u00bb animation_style=\u00a0\u00bbfade\u00a0\u00bb title_font_size_tablet=\u00a0\u00bb3em\u00a0\u00bb title_font_size_phone=\u00a0\u00bb3em\u00a0\u00bb title_font_size_last_edited=\u00a0\u00bbon|phone\u00a0\u00bb global_colors_info=\u00a0\u00bb{}\u00a0\u00bb][\/et_pb_heading][et_pb_text _builder_version=\u00a0\u00bb4.25.2&Prime; _module_preset=\u00a0\u00bbdefault\u00a0\u00bb text_font=\u00a0\u00bb|300|||||||\u00a0\u00bb text_font_size=\u00a0\u00bb1.2em\u00a0\u00bb text_line_height=\u00a0\u00bb1.9em\u00a0\u00bb text_font_size_tablet=\u00a0\u00bb1.2em\u00a0\u00bb text_font_size_phone=\u00a0\u00bb1.2em\u00a0\u00bb text_font_size_last_edited=\u00a0\u00bbon|desktop\u00a0\u00bb text_line_height_tablet=\u00a0\u00bb1.9em\u00a0\u00bb text_line_height_phone=\u00a0\u00bb1.9em\u00a0\u00bb text_line_height_last_edited=\u00a0\u00bbon|desktop\u00a0\u00bb global_colors_info=\u00a0\u00bb{}\u00a0\u00bb]<\/p>\n<p>Les amateurs de FATSO sont adeptes des styles de vie sains, et nous adorons soutenir les \u00e9v\u00e9nements qui mettent la sant\u00e9 et l\u2019activit\u00e9 physique au premier plan. Nous sommes fiers de participer \u00e0 des \u00e9v\u00e9nements comme le <a href=\"https:\/\/city-shred.com\/\" title=\"FATSO is involved with City Shred\">City Shred<\/a> et le <a href=\"https:\/\/bluenosemarathon.com\/\" target=\"_blank\" rel=\"noopener\" title=\"FATSO Participates in the Bluenose Marathon\">Bluenose Marathon<\/a> de la Nouvelle-\u00c9cosse, au cours desquels nous pouvons nous amuser tout en faisant la promotion de styles de vie sains et actifs.<\/p>\n<p>[\/et_pb_text][\/et_pb_column][\/et_pb_row][\/et_pb_section][et_pb_section fb_built=\u00a0\u00bb1&Prime; custom_padding_last_edited=\u00a0\u00bbon|desktop\u00a0\u00bb _builder_version=\u00a0\u00bb4.25.1&Prime; _module_preset=\u00a0\u00bbdefault\u00a0\u00bb background_color=\u00a0\u00bb#89cabc\u00a0\u00bb custom_padding=\u00a0\u00bb0px||230px||false|false\u00a0\u00bb custom_padding_tablet=\u00a0\u00bb0px||230px||false|false\u00a0\u00bb custom_padding_phone=\u00a0\u00bb0px||230px||false|false\u00a0\u00bb global_colors_info=\u00a0\u00bb{}\u00a0\u00bb][et_pb_row _builder_version=\u00a0\u00bb4.25.1&Prime; _module_preset=\u00a0\u00bbdefault\u00a0\u00bb width=\u00a0\u00bb100%\u00a0\u00bb max_width=\u00a0\u00bb2560px\u00a0\u00bb custom_padding=\u00a0\u00bb0px||0px||true|false\u00a0\u00bb global_colors_info=\u00a0\u00bb{}\u00a0\u00bb][et_pb_column type=\u00a0\u00bb4_4&Prime; _builder_version=\u00a0\u00bb4.25.1&Prime; _module_preset=\u00a0\u00bbdefault\u00a0\u00bb global_colors_info=\u00a0\u00bb{}\u00a0\u00bb][et_pb_code _builder_version=\u00a0\u00bb4.25.1&Prime; _module_preset=\u00a0\u00bbdefault\u00a0\u00bb global_colors_info=\u00a0\u00bb{}\u00a0\u00bb]<svg xmlns=\"https:\/\/www.w3.org\/2000\/svg\" class=\"waves bottom-wave\" viewbox=\"0 0 1962 300\" preserveaspectratio=\"none\" fill=\"none\">&gt;<!-- [et_pb_line_break_holder] -->    <path xmlns=\"https:\/\/www.w3.org\/2000\/svg\" d=\"M-297.113 -4858.86L2023 -4852L1973.46 295.465C1973.46 295.465 1479.49 86.2966 1314.61 94.7545C1090.34 106.259 841.975 259.515 625.31 236.234C398.954 211.913 425.332 1.0148 212.877 34.6088C-1.71194 68.5402 -258.643 169.465 -258.643 169.465L-297.113 -4858.86Z\" fill=\"#D0E6EE\"><\/path><!-- [et_pb_line_break_holder] -->  <\/svg>[\/et_pb_code][\/et_pb_column][\/et_pb_row][\/et_pb_section]<\/p>\n","protected":false},"excerpt":{"rendered":"<p>En tant que marque, nous nous mettons au d\u00e9fi d\u2019\u00eatre \u00ab meilleur d\u2019arachides \u00bb. Pour nous, \u00e7a veut dire non seulement proposer un produit qui soit meilleur pour nos clients, mais aussi contribuer \u00e0 am\u00e9liorer la vie de toutes celles et tous ceux qui nous entourent. Voici quelques exemples d\u2019initiatives auxquelles nous avons pris part. [&hellip;]<\/p>\n","protected":false},"author":1,"featured_media":0,"parent":0,"menu_order":0,"comment_status":"closed","ping_status":"closed","template":"","meta":{"_et_pb_use_builder":"on","_et_pb_old_content":"","_et_gb_content_width":"","footnotes":""},"dipi_cpt_category":[],"class_list":["post-259304","page","type-page","status-publish","hentry"],"yoast_head":"<!-- This site is optimized with the Yoast SEO plugin v27.4 - https:\/\/yoast.com\/product\/yoast-seo-wordpress\/ -->\n<title>Communaut\u00e9 - FATSO<\/title>\n<meta name=\"description\" content=\"Joignez-vous \u00e0 la communaut\u00e9 FATSO pour des recettes, des conseils et des histoires sur notre beurre d\u2019arachide naturel. Connectez-vous et c\u00e9l\u00e9brez les collations sant\u00e9 ensemble.\" \/>\n<meta name=\"robots\" content=\"index, follow, max-snippet:-1, max-image-preview:large, max-video-preview:-1\" \/>\n<link rel=\"canonical\" href=\"https:\/\/eatfatso.com\/fr\/communaute\/\" \/>\n<meta property=\"og:locale\" content=\"fr_FR\" \/>\n<meta property=\"og:type\" content=\"article\" \/>\n<meta property=\"og:title\" content=\"Communaut\u00e9 - FATSO\" \/>\n<meta property=\"og:description\" content=\"Joignez-vous \u00e0 la communaut\u00e9 FATSO pour des recettes, des conseils et des histoires sur notre beurre d\u2019arachide naturel. Connectez-vous et c\u00e9l\u00e9brez les collations sant\u00e9 ensemble.\" \/>\n<meta property=\"og:url\" content=\"https:\/\/eatfatso.com\/fr\/communaute\/\" \/>\n<meta property=\"og:site_name\" content=\"FATSO\" \/>\n<meta property=\"article:publisher\" content=\"https:\/\/www.facebook.com\/eatfatso\/\" \/>\n<meta property=\"article:modified_time\" content=\"2025-08-21T17:23:11+00:00\" \/>\n<meta name=\"twitter:card\" content=\"summary_large_image\" \/>\n<meta name=\"twitter:label1\" content=\"Dur\u00e9e de lecture estim\u00e9e\" \/>\n\t<meta name=\"twitter:data1\" content=\"7 minutes\" \/>\n<script type=\"application\/ld+json\" class=\"yoast-schema-graph\">{\"@context\":\"https:\\\/\\\/schema.org\",\"@graph\":[{\"@type\":\"WebPage\",\"@id\":\"https:\\\/\\\/eatfatso.com\\\/fr\\\/communaute\\\/\",\"url\":\"https:\\\/\\\/eatfatso.com\\\/fr\\\/communaute\\\/\",\"name\":\"Communaut\u00e9 - FATSO\",\"isPartOf\":{\"@id\":\"https:\\\/\\\/eatfatso.com\\\/fr\\\/#website\"},\"datePublished\":\"2024-05-17T15:36:50+00:00\",\"dateModified\":\"2025-08-21T17:23:11+00:00\",\"description\":\"Joignez-vous \u00e0 la communaut\u00e9 FATSO pour des recettes, des conseils et des histoires sur notre beurre d\u2019arachide naturel. Connectez-vous et c\u00e9l\u00e9brez les collations sant\u00e9 ensemble.\",\"breadcrumb\":{\"@id\":\"https:\\\/\\\/eatfatso.com\\\/fr\\\/communaute\\\/#breadcrumb\"},\"inLanguage\":\"fr-FR\",\"potentialAction\":[{\"@type\":\"ReadAction\",\"target\":[\"https:\\\/\\\/eatfatso.com\\\/fr\\\/communaute\\\/\"]}]},{\"@type\":\"BreadcrumbList\",\"@id\":\"https:\\\/\\\/eatfatso.com\\\/fr\\\/communaute\\\/#breadcrumb\",\"itemListElement\":[{\"@type\":\"ListItem\",\"position\":1,\"name\":\"Home\",\"item\":\"https:\\\/\\\/eatfatso.com\\\/fr\\\/\"},{\"@type\":\"ListItem\",\"position\":2,\"name\":\"Communaut\u00e9\"}]},{\"@type\":\"WebSite\",\"@id\":\"https:\\\/\\\/eatfatso.com\\\/fr\\\/#website\",\"url\":\"https:\\\/\\\/eatfatso.com\\\/fr\\\/\",\"name\":\"FATSO\",\"description\":\"Keto, Vegan, Gluten Free, Non GMO Peanut Butter\",\"publisher\":{\"@id\":\"https:\\\/\\\/eatfatso.com\\\/fr\\\/#organization\"},\"potentialAction\":[{\"@type\":\"SearchAction\",\"target\":{\"@type\":\"EntryPoint\",\"urlTemplate\":\"https:\\\/\\\/eatfatso.com\\\/fr\\\/?s={search_term_string}\"},\"query-input\":{\"@type\":\"PropertyValueSpecification\",\"valueRequired\":true,\"valueName\":\"search_term_string\"}}],\"inLanguage\":\"fr-FR\"},{\"@type\":\"Organization\",\"@id\":\"https:\\\/\\\/eatfatso.com\\\/fr\\\/#organization\",\"name\":\"FATSO\",\"url\":\"https:\\\/\\\/eatfatso.com\\\/fr\\\/\",\"logo\":{\"@type\":\"ImageObject\",\"inLanguage\":\"fr-FR\",\"@id\":\"https:\\\/\\\/eatfatso.com\\\/fr\\\/#\\\/schema\\\/logo\\\/image\\\/\",\"url\":\"https:\\\/\\\/eatfatso.com\\\/wp-content\\\/uploads\\\/2024\\\/05\\\/footer-logo_x50@2x.png\",\"contentUrl\":\"https:\\\/\\\/eatfatso.com\\\/wp-content\\\/uploads\\\/2024\\\/05\\\/footer-logo_x50@2x.png\",\"width\":110,\"height\":51,\"caption\":\"FATSO\"},\"image\":{\"@id\":\"https:\\\/\\\/eatfatso.com\\\/fr\\\/#\\\/schema\\\/logo\\\/image\\\/\"},\"sameAs\":[\"https:\\\/\\\/www.facebook.com\\\/eatfatso\\\/\",\"https:\\\/\\\/www.instagram.com\\\/eatfatso\\\/\",\"https:\\\/\\\/www.linkedin.com\\\/company\\\/fatso-nut-butters\\\/\"]}]}<\/script>\n<!-- \/ Yoast SEO plugin. -->","yoast_head_json":{"title":"Communaut\u00e9 - FATSO","description":"Joignez-vous \u00e0 la communaut\u00e9 FATSO pour des recettes, des conseils et des histoires sur notre beurre d\u2019arachide naturel. Connectez-vous et c\u00e9l\u00e9brez les collations sant\u00e9 ensemble.","robots":{"index":"index","follow":"follow","max-snippet":"max-snippet:-1","max-image-preview":"max-image-preview:large","max-video-preview":"max-video-preview:-1"},"canonical":"https:\/\/eatfatso.com\/fr\/communaute\/","og_locale":"fr_FR","og_type":"article","og_title":"Communaut\u00e9 - FATSO","og_description":"Joignez-vous \u00e0 la communaut\u00e9 FATSO pour des recettes, des conseils et des histoires sur notre beurre d\u2019arachide naturel. Connectez-vous et c\u00e9l\u00e9brez les collations sant\u00e9 ensemble.","og_url":"https:\/\/eatfatso.com\/fr\/communaute\/","og_site_name":"FATSO","article_publisher":"https:\/\/www.facebook.com\/eatfatso\/","article_modified_time":"2025-08-21T17:23:11+00:00","twitter_card":"summary_large_image","twitter_misc":{"Dur\u00e9e de lecture estim\u00e9e":"7 minutes"},"schema":{"@context":"https:\/\/schema.org","@graph":[{"@type":"WebPage","@id":"https:\/\/eatfatso.com\/fr\/communaute\/","url":"https:\/\/eatfatso.com\/fr\/communaute\/","name":"Communaut\u00e9 - FATSO","isPartOf":{"@id":"https:\/\/eatfatso.com\/fr\/#website"},"datePublished":"2024-05-17T15:36:50+00:00","dateModified":"2025-08-21T17:23:11+00:00","description":"Joignez-vous \u00e0 la communaut\u00e9 FATSO pour des recettes, des conseils et des histoires sur notre beurre d\u2019arachide naturel. Connectez-vous et c\u00e9l\u00e9brez les collations sant\u00e9 ensemble.","breadcrumb":{"@id":"https:\/\/eatfatso.com\/fr\/communaute\/#breadcrumb"},"inLanguage":"fr-FR","potentialAction":[{"@type":"ReadAction","target":["https:\/\/eatfatso.com\/fr\/communaute\/"]}]},{"@type":"BreadcrumbList","@id":"https:\/\/eatfatso.com\/fr\/communaute\/#breadcrumb","itemListElement":[{"@type":"ListItem","position":1,"name":"Home","item":"https:\/\/eatfatso.com\/fr\/"},{"@type":"ListItem","position":2,"name":"Communaut\u00e9"}]},{"@type":"WebSite","@id":"https:\/\/eatfatso.com\/fr\/#website","url":"https:\/\/eatfatso.com\/fr\/","name":"FATSO","description":"Keto, Vegan, Gluten Free, Non GMO Peanut Butter","publisher":{"@id":"https:\/\/eatfatso.com\/fr\/#organization"},"potentialAction":[{"@type":"SearchAction","target":{"@type":"EntryPoint","urlTemplate":"https:\/\/eatfatso.com\/fr\/?s={search_term_string}"},"query-input":{"@type":"PropertyValueSpecification","valueRequired":true,"valueName":"search_term_string"}}],"inLanguage":"fr-FR"},{"@type":"Organization","@id":"https:\/\/eatfatso.com\/fr\/#organization","name":"FATSO","url":"https:\/\/eatfatso.com\/fr\/","logo":{"@type":"ImageObject","inLanguage":"fr-FR","@id":"https:\/\/eatfatso.com\/fr\/#\/schema\/logo\/image\/","url":"https:\/\/eatfatso.com\/wp-content\/uploads\/2024\/05\/footer-logo_x50@2x.png","contentUrl":"https:\/\/eatfatso.com\/wp-content\/uploads\/2024\/05\/footer-logo_x50@2x.png","width":110,"height":51,"caption":"FATSO"},"image":{"@id":"https:\/\/eatfatso.com\/fr\/#\/schema\/logo\/image\/"},"sameAs":["https:\/\/www.facebook.com\/eatfatso\/","https:\/\/www.instagram.com\/eatfatso\/","https:\/\/www.linkedin.com\/company\/fatso-nut-butters\/"]}]}},"_links":{"self":[{"href":"https:\/\/eatfatso.com\/fr\/wp-json\/wp\/v2\/pages\/259304","targetHints":{"allow":["GET"]}}],"collection":[{"href":"https:\/\/eatfatso.com\/fr\/wp-json\/wp\/v2\/pages"}],"about":[{"href":"https:\/\/eatfatso.com\/fr\/wp-json\/wp\/v2\/types\/page"}],"author":[{"embeddable":true,"href":"https:\/\/eatfatso.com\/fr\/wp-json\/wp\/v2\/users\/1"}],"replies":[{"embeddable":true,"href":"https:\/\/eatfatso.com\/fr\/wp-json\/wp\/v2\/comments?post=259304"}],"version-history":[{"count":2,"href":"https:\/\/eatfatso.com\/fr\/wp-json\/wp\/v2\/pages\/259304\/revisions"}],"predecessor-version":[{"id":259306,"href":"https:\/\/eatfatso.com\/fr\/wp-json\/wp\/v2\/pages\/259304\/revisions\/259306"}],"wp:attachment":[{"href":"https:\/\/eatfatso.com\/fr\/wp-json\/wp\/v2\/media?parent=259304"}],"wp:term":[{"taxonomy":"dipi_cpt_category","embeddable":true,"href":"https:\/\/eatfatso.com\/fr\/wp-json\/wp\/v2\/dipi_cpt_category?post=259304"}],"curies":[{"name":"wp","href":"https:\/\/api.w.org\/{rel}","templated":true}]}}