{"id":259301,"date":"2024-05-28T13:08:11","date_gmt":"2024-05-28T13:08:11","guid":{"rendered":"https:\/\/eatfatso.com\/informations-nutritionnelles\/"},"modified":"2025-08-21T17:12:59","modified_gmt":"2025-08-21T17:12:59","slug":"informations-nutritionnelles","status":"publish","type":"page","link":"https:\/\/eatfatso.com\/fr\/informations-nutritionnelles\/","title":{"rendered":"Informations Nutritionnelles"},"content":{"rendered":"<p>[et_pb_section fb_built=\u00a0\u00bb1&Prime; _builder_version=\u00a0\u00bb4.25.1&Prime; _module_preset=\u00a0\u00bbdefault\u00a0\u00bb global_colors_info=\u00a0\u00bb{}\u00a0\u00bb][et_pb_row _builder_version=\u00a0\u00bb4.25.1&Prime; _module_preset=\u00a0\u00bbdefault\u00a0\u00bb global_colors_info=\u00a0\u00bb{}\u00a0\u00bb][et_pb_column type=\u00a0\u00bb4_4&Prime; _builder_version=\u00a0\u00bb4.25.1&Prime; _module_preset=\u00a0\u00bbdefault\u00a0\u00bb global_colors_info=\u00a0\u00bb{}\u00a0\u00bb][et_pb_heading title=\u00a0\u00bbINFORMATIONS NUTRITIONNELLES\u00a0\u00bb _builder_version=\u00a0\u00bb4.25.1&Prime; _module_preset=\u00a0\u00bbdefault\u00a0\u00bb title_font=\u00a0\u00bb|700|||||||\u00a0\u00bb title_font_size=\u00a0\u00bb46px\u00a0\u00bb title_font_last_edited=\u00a0\u00bboff|desktop\u00a0\u00bb title_font_size_tablet=\u00a0\u00bb46px\u00a0\u00bb title_font_size_phone=\u00a0\u00bb46px\u00a0\u00bb title_font_size_last_edited=\u00a0\u00bbon|desktop\u00a0\u00bb global_colors_info=\u00a0\u00bb{}\u00a0\u00bb][\/et_pb_heading][et_pb_heading title=\u00a0\u00bbBEURRE D\u2019ARACHIDES CLASSIQUE FATSO\u00a0\u00bb _builder_version=\u00a0\u00bb4.27.0&Prime; _module_preset=\u00a0\u00bbdefault\u00a0\u00bb title_level=\u00a0\u00bbh2&Prime; title_font=\u00a0\u00bb|700|||||||\u00a0\u00bb global_colors_info=\u00a0\u00bb{}\u00a0\u00bb][\/et_pb_heading][et_pb_image src=\u00a0\u00bbhttps:\/\/eatfatso.com\/wp-content\/uploads\/2024\/07\/FATSO-Classic-Nutritional-Information.png\u00a0\u00bb alt=\u00a0\u00bbFATSO Classic Nutritional Information\u00a0\u00bb title_text=\u00a0\u00bbFATSO Classic Nutritional Information\u00a0\u00bb _builder_version=\u00a0\u00bb4.27.0&Prime; _module_preset=\u00a0\u00bbdefault\u00a0\u00bb width=\u00a0\u00bb60%\u00a0\u00bb max_width=\u00a0\u00bb60%\u00a0\u00bb max_width_tablet=\u00a0\u00bb100%\u00a0\u00bb max_width_phone=\u00a0\u00bb100%\u00a0\u00bb max_width_last_edited=\u00a0\u00bbon|phone\u00a0\u00bb global_colors_info=\u00a0\u00bb{}\u00a0\u00bb][\/et_pb_image][et_pb_text _builder_version=\u00a0\u00bb4.25.2&Prime; _module_preset=\u00a0\u00bbdefault\u00a0\u00bb text_font=\u00a0\u00bb|300|||||||\u00a0\u00bb text_font_size=\u00a0\u00bb18px\u00a0\u00bb text_line_height=\u00a0\u00bb1.8em\u00a0\u00bb max_width=\u00a0\u00bb60%\u00a0\u00bb max_width_tablet=\u00a0\u00bb100%\u00a0\u00bb max_width_phone=\u00a0\u00bb100%\u00a0\u00bb max_width_last_edited=\u00a0\u00bbon|phone\u00a0\u00bb text_font_size_tablet=\u00a0\u00bb18px\u00a0\u00bb text_font_size_phone=\u00a0\u00bb18px\u00a0\u00bb text_font_size_last_edited=\u00a0\u00bbon|desktop\u00a0\u00bb text_line_height_tablet=\u00a0\u00bb1.8em\u00a0\u00bb text_line_height_phone=\u00a0\u00bb1.8em\u00a0\u00bb text_line_height_last_edited=\u00a0\u00bbon|desktop\u00a0\u00bb global_colors_info=\u00a0\u00bb{}\u00a0\u00bb]<\/p>\n<p><strong>Ingr\u00e9dients:<\/strong> <span>Arachides, fibre de tapioca (isomalto-oligosaccharide), huile de noix de coco, graines de lin moulues, graines de chia, ar\u00f4me naturel de noix de coco, huile de triglyc\u00e9rides \u00e0 cha\u00eene moyenne (issue d\u2019huile de noix de coco).<\/span><\/p>\n<p>[\/et_pb_text][et_pb_divider _builder_version=\u00a0\u00bb4.25.2&Prime; _module_preset=\u00a0\u00bbdefault\u00a0\u00bb width=\u00a0\u00bb60%\u00a0\u00bb width_tablet=\u00a0\u00bb100%\u00a0\u00bb width_phone=\u00a0\u00bb100%\u00a0\u00bb width_last_edited=\u00a0\u00bbon|phone\u00a0\u00bb global_colors_info=\u00a0\u00bb{}\u00a0\u00bb][\/et_pb_divider][\/et_pb_column][\/et_pb_row][et_pb_row _builder_version=\u00a0\u00bb4.25.1&Prime; _module_preset=\u00a0\u00bbdefault\u00a0\u00bb global_colors_info=\u00a0\u00bb{}\u00a0\u00bb][et_pb_column type=\u00a0\u00bb4_4&Prime; _builder_version=\u00a0\u00bb4.25.1&Prime; _module_preset=\u00a0\u00bbdefault\u00a0\u00bb global_colors_info=\u00a0\u00bb{}\u00a0\u00bb][et_pb_heading title=\u00a0\u00bbBEURRE D\u2019ARACHIDE FATSO CROQUANT CARAMEL SAL\u00c9\u00a0\u00bb _builder_version=\u00a0\u00bb4.27.0&Prime; _module_preset=\u00a0\u00bbdefault\u00a0\u00bb title_level=\u00a0\u00bbh2&Prime; title_font=\u00a0\u00bb|700|||||||\u00a0\u00bb global_colors_info=\u00a0\u00bb{}\u00a0\u00bb][\/et_pb_heading][et_pb_image src=\u00a0\u00bbhttps:\/\/eatfatso.com\/wp-content\/uploads\/2024\/07\/FATSO-Salted-Caramel-Nutritional-Information.png\u00a0\u00bb alt=\u00a0\u00bbInformations Nutritionnelles FATSO Caramel Sal\u00e9\u00a0\u00bb title_text=\u00a0\u00bbInformations Nutritionnelles FATSO Caramel Sal\u00e9\u00a0\u00bb _builder_version=\u00a0\u00bb4.27.0&Prime; _module_preset=\u00a0\u00bbdefault\u00a0\u00bb width=\u00a0\u00bb60%\u00a0\u00bb max_width=\u00a0\u00bb60%\u00a0\u00bb max_width_tablet=\u00a0\u00bb100%\u00a0\u00bb max_width_phone=\u00a0\u00bb100%\u00a0\u00bb max_width_last_edited=\u00a0\u00bbon|phone\u00a0\u00bb global_colors_info=\u00a0\u00bb{}\u00a0\u00bb][\/et_pb_image][et_pb_text _builder_version=\u00a0\u00bb4.25.2&Prime; _module_preset=\u00a0\u00bbdefault\u00a0\u00bb text_font=\u00a0\u00bb|300|||||||\u00a0\u00bb text_font_size=\u00a0\u00bb18px\u00a0\u00bb text_line_height=\u00a0\u00bb1.8em\u00a0\u00bb max_width=\u00a0\u00bb60%\u00a0\u00bb max_width_tablet=\u00a0\u00bb100%\u00a0\u00bb max_width_phone=\u00a0\u00bb100%\u00a0\u00bb max_width_last_edited=\u00a0\u00bbon|phone\u00a0\u00bb text_font_size_tablet=\u00a0\u00bb18px\u00a0\u00bb text_font_size_phone=\u00a0\u00bb18px\u00a0\u00bb text_font_size_last_edited=\u00a0\u00bbon|desktop\u00a0\u00bb text_line_height_tablet=\u00a0\u00bb1.8em\u00a0\u00bb text_line_height_phone=\u00a0\u00bb1.8em\u00a0\u00bb text_line_height_last_edited=\u00a0\u00bbon|desktop\u00a0\u00bb global_colors_info=\u00a0\u00bb{}\u00a0\u00bb]<\/p>\n<p><strong>Ingr\u00e9dients <\/strong>: <span>Arachides, morceaux d\u2019arachides, fibre de tapioca (isomalto-oligosaccharide), huile de noix de coco, ar\u00f4me naturel de caramel sal\u00e9, graines de lin moulues, graines de chia, huile de triglyc\u00e9rides \u00e0 cha\u00eene moyenne (issue d\u2019huile de noix de coco), sel de l\u2019Himalaya.<\/span><\/p>\n<p>[\/et_pb_text][et_pb_divider _builder_version=\u00a0\u00bb4.25.1&Prime; _module_preset=\u00a0\u00bbdefault\u00a0\u00bb width=\u00a0\u00bb60%\u00a0\u00bb width_tablet=\u00a0\u00bb100%\u00a0\u00bb width_phone=\u00a0\u00bb100%\u00a0\u00bb width_last_edited=\u00a0\u00bbon|phone\u00a0\u00bb locked=\u00a0\u00bboff\u00a0\u00bb global_colors_info=\u00a0\u00bb{}\u00a0\u00bb][\/et_pb_divider][\/et_pb_column][\/et_pb_row][et_pb_row _builder_version=\u00a0\u00bb4.25.1&Prime; _module_preset=\u00a0\u00bbdefault\u00a0\u00bb global_colors_info=\u00a0\u00bb{}\u00a0\u00bb][et_pb_column type=\u00a0\u00bb4_4&Prime; _builder_version=\u00a0\u00bb4.25.1&Prime; _module_preset=\u00a0\u00bbdefault\u00a0\u00bb global_colors_info=\u00a0\u00bb{}\u00a0\u00bb][et_pb_heading title=\u00a0\u00bbFATSO BEURRE D\u2019ARACHIDES \u00c0 L\u2019\u00c9RABLE\u00a0\u00bb _builder_version=\u00a0\u00bb4.27.0&Prime; _module_preset=\u00a0\u00bbdefault\u00a0\u00bb title_level=\u00a0\u00bbh2&Prime; title_font=\u00a0\u00bb|700|||||||\u00a0\u00bb global_colors_info=\u00a0\u00bb{}\u00a0\u00bb][\/et_pb_heading][et_pb_image src=\u00a0\u00bbhttps:\/\/eatfatso.com\/wp-content\/uploads\/2024\/07\/FATSO-Maple-Nutritional-Information.png\u00a0\u00bb alt=\u00a0\u00bbFATSO Maple Nutritional Information\u00a0\u00bb title_text=\u00a0\u00bbFATSO Maple Nutritional Information\u00a0\u00bb _builder_version=\u00a0\u00bb4.25.2&Prime; _module_preset=\u00a0\u00bbdefault\u00a0\u00bb width=\u00a0\u00bb60%\u00a0\u00bb max_width=\u00a0\u00bb60%\u00a0\u00bb max_width_tablet=\u00a0\u00bb100%\u00a0\u00bb max_width_phone=\u00a0\u00bb100%\u00a0\u00bb max_width_last_edited=\u00a0\u00bbon|phone\u00a0\u00bb global_colors_info=\u00a0\u00bb{}\u00a0\u00bb][\/et_pb_image][et_pb_text _builder_version=\u00a0\u00bb4.25.2&Prime; _module_preset=\u00a0\u00bbdefault\u00a0\u00bb text_font=\u00a0\u00bb|300|||||||\u00a0\u00bb text_font_size=\u00a0\u00bb18px\u00a0\u00bb text_line_height=\u00a0\u00bb1.8em\u00a0\u00bb max_width=\u00a0\u00bb60%\u00a0\u00bb max_width_tablet=\u00a0\u00bb100%\u00a0\u00bb max_width_phone=\u00a0\u00bb100%\u00a0\u00bb max_width_last_edited=\u00a0\u00bbon|phone\u00a0\u00bb text_font_size_tablet=\u00a0\u00bb18px\u00a0\u00bb text_font_size_phone=\u00a0\u00bb18px\u00a0\u00bb text_font_size_last_edited=\u00a0\u00bbon|desktop\u00a0\u00bb text_line_height_tablet=\u00a0\u00bb1.8em\u00a0\u00bb text_line_height_phone=\u00a0\u00bb1.8em\u00a0\u00bb text_line_height_last_edited=\u00a0\u00bbon|desktop\u00a0\u00bb global_colors_info=\u00a0\u00bb{}\u00a0\u00bb]<\/p>\n<p><strong>Ingr\u00e9dients <\/strong>: Arachides, ar\u00f4me naturel d\u2019\u00e9rable, fibre de tapioca (isomalto-oligosaccharide), huile de noix de coco, graines de lin moulues, graines de chia, huile de triglyc\u00e9rides \u00e0 cha\u00eene moyenne (issue d\u2019huile de noix de coco), sel de l\u2019Himalaya.<\/p>\n<div id=\"shopify-section-footer-promotions\" class=\"shopify-section index-section--footer\"><\/div>\n<div id=\"shopify-section-footer\" class=\"shopify-section\">\n<footer class=\"site-footer\" data-section-id=\"footer\" data-section-type=\"footer-section\">\n<div class=\"page-width\">\n<div class=\"grid\">\n<div class=\"grid__item footer__item--1494301487048\" data-type=\"logo_social\">\n<div class=\"footer__logo\"><\/div>\n<\/div>\n<\/div>\n<\/div>\n<\/footer>\n<\/div>\n<p>[\/et_pb_text][et_pb_divider _builder_version=\u00a0\u00bb4.25.1&Prime; _module_preset=\u00a0\u00bbdefault\u00a0\u00bb width=\u00a0\u00bb60%\u00a0\u00bb width_tablet=\u00a0\u00bb100%\u00a0\u00bb width_phone=\u00a0\u00bb100%\u00a0\u00bb width_last_edited=\u00a0\u00bbon|phone\u00a0\u00bb locked=\u00a0\u00bboff\u00a0\u00bb global_colors_info=\u00a0\u00bb{}\u00a0\u00bb][\/et_pb_divider][\/et_pb_column][\/et_pb_row][et_pb_row _builder_version=\u00a0\u00bb4.25.1&Prime; _module_preset=\u00a0\u00bbdefault\u00a0\u00bb global_colors_info=\u00a0\u00bb{}\u00a0\u00bb][et_pb_column type=\u00a0\u00bb4_4&Prime; _builder_version=\u00a0\u00bb4.25.1&Prime; _module_preset=\u00a0\u00bbdefault\u00a0\u00bb global_colors_info=\u00a0\u00bb{}\u00a0\u00bb][et_pb_heading title=\u00a0\u00bbFATSO BEURRE D\u2019ARACHIDES \u00c0 LA CANNELLE\u00a0\u00bb _builder_version=\u00a0\u00bb4.27.4&Prime; _module_preset=\u00a0\u00bbdefault\u00a0\u00bb title_level=\u00a0\u00bbh2&Prime; title_font=\u00a0\u00bb|700|||||||\u00a0\u00bb hover_enabled=\u00a0\u00bb0&Prime; global_colors_info=\u00a0\u00bb{}\u00a0\u00bb sticky_enabled=\u00a0\u00bb0&Prime;][\/et_pb_heading][et_pb_image src=\u00a0\u00bbhttps:\/\/eatfatso.com\/wp-content\/uploads\/2025\/03\/FATSO-Cinnamon-Nutritional-Information.png\u00a0\u00bb alt=\u00a0\u00bbFATSO Maple Nutritional Information\u00a0\u00bb title_text=\u00a0\u00bbFATSO-Cinnamon-Nutritional-Information\u00a0\u00bb _builder_version=\u00a0\u00bb4.27.4&Prime; _module_preset=\u00a0\u00bbdefault\u00a0\u00bb width=\u00a0\u00bb60%\u00a0\u00bb max_width=\u00a0\u00bb60%\u00a0\u00bb max_width_tablet=\u00a0\u00bb100%\u00a0\u00bb max_width_phone=\u00a0\u00bb100%\u00a0\u00bb max_width_last_edited=\u00a0\u00bbon|phone\u00a0\u00bb hover_enabled=\u00a0\u00bb0&Prime; global_colors_info=\u00a0\u00bb{}\u00a0\u00bb sticky_enabled=\u00a0\u00bb0&Prime;][\/et_pb_image][et_pb_text _builder_version=\u00a0\u00bb4.27.4&Prime; _module_preset=\u00a0\u00bbdefault\u00a0\u00bb text_font=\u00a0\u00bb|300|||||||\u00a0\u00bb text_font_size=\u00a0\u00bb18px\u00a0\u00bb text_line_height=\u00a0\u00bb1.8em\u00a0\u00bb max_width=\u00a0\u00bb60%\u00a0\u00bb max_width_tablet=\u00a0\u00bb100%\u00a0\u00bb max_width_phone=\u00a0\u00bb100%\u00a0\u00bb max_width_last_edited=\u00a0\u00bbon|phone\u00a0\u00bb hover_enabled=\u00a0\u00bb0&Prime; text_font_size_tablet=\u00a0\u00bb18px\u00a0\u00bb text_font_size_phone=\u00a0\u00bb18px\u00a0\u00bb text_font_size_last_edited=\u00a0\u00bbon|desktop\u00a0\u00bb text_line_height_tablet=\u00a0\u00bb1.8em\u00a0\u00bb text_line_height_phone=\u00a0\u00bb1.8em\u00a0\u00bb text_line_height_last_edited=\u00a0\u00bbon|desktop\u00a0\u00bb global_colors_info=\u00a0\u00bb{}\u00a0\u00bb sticky_enabled=\u00a0\u00bb0&Prime;]<\/p>\n<p><strong>Ingr\u00e9dients<\/strong> : Arachides, isomalto-oligosaccharide de tapioca, huile de noix de coco, cannelle, graines de lin, graines de chia, sel de mer de l\u2019Himalaya, huile de noix de coco modifi\u00e9e (triglyc\u00e9rides \u00e0 cha\u00eene moyenne)<\/p>\n<p><strong>Peut contenir<\/strong> : Noix d\u2019arbre, soja. <strong>Contient des arachides<\/strong><\/p>\n<div id=\"shopify-section-footer-promotions\" class=\"shopify-section index-section--footer\"><\/div>\n<div id=\"shopify-section-footer\" class=\"shopify-section\">\n<footer class=\"site-footer\" data-section-id=\"footer\" data-section-type=\"footer-section\">\n<div class=\"page-width\">\n<div class=\"grid\">\n<div class=\"grid__item footer__item--1494301487048\" data-type=\"logo_social\">\n<div class=\"footer__logo\"><\/div>\n<\/div>\n<\/div>\n<\/div>\n<\/footer>\n<\/div>\n<p>[\/et_pb_text][\/et_pb_column][\/et_pb_row][\/et_pb_section]<\/p>\n","protected":false},"excerpt":{"rendered":"<p>Ingr\u00e9dients: Arachides, fibre de tapioca (isomalto-oligosaccharide), huile de noix de coco, graines de lin moulues, graines de chia, ar\u00f4me naturel de noix de coco, huile de triglyc\u00e9rides \u00e0 cha\u00eene moyenne (issue d\u2019huile de noix de coco).Ingr\u00e9dients : Arachides, morceaux d\u2019arachides, fibre de tapioca (isomalto-oligosaccharide), huile de noix de coco, ar\u00f4me naturel de caramel sal\u00e9, graines [&hellip;]<\/p>\n","protected":false},"author":1,"featured_media":0,"parent":0,"menu_order":0,"comment_status":"closed","ping_status":"closed","template":"","meta":{"_et_pb_use_builder":"on","_et_pb_old_content":"","_et_gb_content_width":"","footnotes":""},"dipi_cpt_category":[],"class_list":["post-259301","page","type-page","status-publish","hentry"],"yoast_head":"<!-- This site is optimized with the Yoast SEO plugin v27.4 - https:\/\/yoast.com\/product\/yoast-seo-wordpress\/ -->\n<title>Informations Nutritionnelles - FATSO<\/title>\n<meta name=\"description\" content=\"Trouvez les informations nutritionnelles du beurre d\u2019arachide naturel FATSO. D\u00e9couvrez les ingr\u00e9dients sains et les bienfaits de nos d\u00e9licieuses collations.\" \/>\n<meta name=\"robots\" content=\"index, follow, max-snippet:-1, max-image-preview:large, max-video-preview:-1\" \/>\n<link rel=\"canonical\" href=\"https:\/\/eatfatso.com\/fr\/informations-nutritionnelles\/\" \/>\n<meta property=\"og:locale\" content=\"fr_FR\" \/>\n<meta property=\"og:type\" content=\"article\" \/>\n<meta property=\"og:title\" content=\"Informations Nutritionnelles - FATSO\" \/>\n<meta property=\"og:description\" content=\"Trouvez les informations nutritionnelles du beurre d\u2019arachide naturel FATSO. D\u00e9couvrez les ingr\u00e9dients sains et les bienfaits de nos d\u00e9licieuses collations.\" \/>\n<meta property=\"og:url\" content=\"https:\/\/eatfatso.com\/fr\/informations-nutritionnelles\/\" \/>\n<meta property=\"og:site_name\" content=\"FATSO\" \/>\n<meta property=\"article:publisher\" content=\"https:\/\/www.facebook.com\/eatfatso\/\" \/>\n<meta property=\"article:modified_time\" content=\"2025-08-21T17:12:59+00:00\" \/>\n<meta name=\"twitter:card\" content=\"summary_large_image\" \/>\n<meta name=\"twitter:label1\" content=\"Dur\u00e9e de lecture estim\u00e9e\" \/>\n\t<meta name=\"twitter:data1\" content=\"5 minutes\" \/>\n<script type=\"application\/ld+json\" class=\"yoast-schema-graph\">{\"@context\":\"https:\\\/\\\/schema.org\",\"@graph\":[{\"@type\":\"WebPage\",\"@id\":\"https:\\\/\\\/eatfatso.com\\\/fr\\\/informations-nutritionnelles\\\/\",\"url\":\"https:\\\/\\\/eatfatso.com\\\/fr\\\/informations-nutritionnelles\\\/\",\"name\":\"Informations Nutritionnelles - FATSO\",\"isPartOf\":{\"@id\":\"https:\\\/\\\/eatfatso.com\\\/fr\\\/#website\"},\"datePublished\":\"2024-05-28T13:08:11+00:00\",\"dateModified\":\"2025-08-21T17:12:59+00:00\",\"description\":\"Trouvez les informations nutritionnelles du beurre d\u2019arachide naturel FATSO. D\u00e9couvrez les ingr\u00e9dients sains et les bienfaits de nos d\u00e9licieuses collations.\",\"breadcrumb\":{\"@id\":\"https:\\\/\\\/eatfatso.com\\\/fr\\\/informations-nutritionnelles\\\/#breadcrumb\"},\"inLanguage\":\"fr-FR\",\"potentialAction\":[{\"@type\":\"ReadAction\",\"target\":[\"https:\\\/\\\/eatfatso.com\\\/fr\\\/informations-nutritionnelles\\\/\"]}]},{\"@type\":\"BreadcrumbList\",\"@id\":\"https:\\\/\\\/eatfatso.com\\\/fr\\\/informations-nutritionnelles\\\/#breadcrumb\",\"itemListElement\":[{\"@type\":\"ListItem\",\"position\":1,\"name\":\"Home\",\"item\":\"https:\\\/\\\/eatfatso.com\\\/fr\\\/\"},{\"@type\":\"ListItem\",\"position\":2,\"name\":\"Informations Nutritionnelles\"}]},{\"@type\":\"WebSite\",\"@id\":\"https:\\\/\\\/eatfatso.com\\\/fr\\\/#website\",\"url\":\"https:\\\/\\\/eatfatso.com\\\/fr\\\/\",\"name\":\"FATSO\",\"description\":\"Keto, Vegan, Gluten Free, Non GMO Peanut Butter\",\"publisher\":{\"@id\":\"https:\\\/\\\/eatfatso.com\\\/fr\\\/#organization\"},\"potentialAction\":[{\"@type\":\"SearchAction\",\"target\":{\"@type\":\"EntryPoint\",\"urlTemplate\":\"https:\\\/\\\/eatfatso.com\\\/fr\\\/?s={search_term_string}\"},\"query-input\":{\"@type\":\"PropertyValueSpecification\",\"valueRequired\":true,\"valueName\":\"search_term_string\"}}],\"inLanguage\":\"fr-FR\"},{\"@type\":\"Organization\",\"@id\":\"https:\\\/\\\/eatfatso.com\\\/fr\\\/#organization\",\"name\":\"FATSO\",\"url\":\"https:\\\/\\\/eatfatso.com\\\/fr\\\/\",\"logo\":{\"@type\":\"ImageObject\",\"inLanguage\":\"fr-FR\",\"@id\":\"https:\\\/\\\/eatfatso.com\\\/fr\\\/#\\\/schema\\\/logo\\\/image\\\/\",\"url\":\"https:\\\/\\\/eatfatso.com\\\/wp-content\\\/uploads\\\/2024\\\/05\\\/footer-logo_x50@2x.png\",\"contentUrl\":\"https:\\\/\\\/eatfatso.com\\\/wp-content\\\/uploads\\\/2024\\\/05\\\/footer-logo_x50@2x.png\",\"width\":110,\"height\":51,\"caption\":\"FATSO\"},\"image\":{\"@id\":\"https:\\\/\\\/eatfatso.com\\\/fr\\\/#\\\/schema\\\/logo\\\/image\\\/\"},\"sameAs\":[\"https:\\\/\\\/www.facebook.com\\\/eatfatso\\\/\",\"https:\\\/\\\/www.instagram.com\\\/eatfatso\\\/\",\"https:\\\/\\\/www.linkedin.com\\\/company\\\/fatso-nut-butters\\\/\"]}]}<\/script>\n<!-- \/ Yoast SEO plugin. -->","yoast_head_json":{"title":"Informations Nutritionnelles - FATSO","description":"Trouvez les informations nutritionnelles du beurre d\u2019arachide naturel FATSO. D\u00e9couvrez les ingr\u00e9dients sains et les bienfaits de nos d\u00e9licieuses collations.","robots":{"index":"index","follow":"follow","max-snippet":"max-snippet:-1","max-image-preview":"max-image-preview:large","max-video-preview":"max-video-preview:-1"},"canonical":"https:\/\/eatfatso.com\/fr\/informations-nutritionnelles\/","og_locale":"fr_FR","og_type":"article","og_title":"Informations Nutritionnelles - FATSO","og_description":"Trouvez les informations nutritionnelles du beurre d\u2019arachide naturel FATSO. D\u00e9couvrez les ingr\u00e9dients sains et les bienfaits de nos d\u00e9licieuses collations.","og_url":"https:\/\/eatfatso.com\/fr\/informations-nutritionnelles\/","og_site_name":"FATSO","article_publisher":"https:\/\/www.facebook.com\/eatfatso\/","article_modified_time":"2025-08-21T17:12:59+00:00","twitter_card":"summary_large_image","twitter_misc":{"Dur\u00e9e de lecture estim\u00e9e":"5 minutes"},"schema":{"@context":"https:\/\/schema.org","@graph":[{"@type":"WebPage","@id":"https:\/\/eatfatso.com\/fr\/informations-nutritionnelles\/","url":"https:\/\/eatfatso.com\/fr\/informations-nutritionnelles\/","name":"Informations Nutritionnelles - FATSO","isPartOf":{"@id":"https:\/\/eatfatso.com\/fr\/#website"},"datePublished":"2024-05-28T13:08:11+00:00","dateModified":"2025-08-21T17:12:59+00:00","description":"Trouvez les informations nutritionnelles du beurre d\u2019arachide naturel FATSO. D\u00e9couvrez les ingr\u00e9dients sains et les bienfaits de nos d\u00e9licieuses collations.","breadcrumb":{"@id":"https:\/\/eatfatso.com\/fr\/informations-nutritionnelles\/#breadcrumb"},"inLanguage":"fr-FR","potentialAction":[{"@type":"ReadAction","target":["https:\/\/eatfatso.com\/fr\/informations-nutritionnelles\/"]}]},{"@type":"BreadcrumbList","@id":"https:\/\/eatfatso.com\/fr\/informations-nutritionnelles\/#breadcrumb","itemListElement":[{"@type":"ListItem","position":1,"name":"Home","item":"https:\/\/eatfatso.com\/fr\/"},{"@type":"ListItem","position":2,"name":"Informations Nutritionnelles"}]},{"@type":"WebSite","@id":"https:\/\/eatfatso.com\/fr\/#website","url":"https:\/\/eatfatso.com\/fr\/","name":"FATSO","description":"Keto, Vegan, Gluten Free, Non GMO Peanut Butter","publisher":{"@id":"https:\/\/eatfatso.com\/fr\/#organization"},"potentialAction":[{"@type":"SearchAction","target":{"@type":"EntryPoint","urlTemplate":"https:\/\/eatfatso.com\/fr\/?s={search_term_string}"},"query-input":{"@type":"PropertyValueSpecification","valueRequired":true,"valueName":"search_term_string"}}],"inLanguage":"fr-FR"},{"@type":"Organization","@id":"https:\/\/eatfatso.com\/fr\/#organization","name":"FATSO","url":"https:\/\/eatfatso.com\/fr\/","logo":{"@type":"ImageObject","inLanguage":"fr-FR","@id":"https:\/\/eatfatso.com\/fr\/#\/schema\/logo\/image\/","url":"https:\/\/eatfatso.com\/wp-content\/uploads\/2024\/05\/footer-logo_x50@2x.png","contentUrl":"https:\/\/eatfatso.com\/wp-content\/uploads\/2024\/05\/footer-logo_x50@2x.png","width":110,"height":51,"caption":"FATSO"},"image":{"@id":"https:\/\/eatfatso.com\/fr\/#\/schema\/logo\/image\/"},"sameAs":["https:\/\/www.facebook.com\/eatfatso\/","https:\/\/www.instagram.com\/eatfatso\/","https:\/\/www.linkedin.com\/company\/fatso-nut-butters\/"]}]}},"_links":{"self":[{"href":"https:\/\/eatfatso.com\/fr\/wp-json\/wp\/v2\/pages\/259301","targetHints":{"allow":["GET"]}}],"collection":[{"href":"https:\/\/eatfatso.com\/fr\/wp-json\/wp\/v2\/pages"}],"about":[{"href":"https:\/\/eatfatso.com\/fr\/wp-json\/wp\/v2\/types\/page"}],"author":[{"embeddable":true,"href":"https:\/\/eatfatso.com\/fr\/wp-json\/wp\/v2\/users\/1"}],"replies":[{"embeddable":true,"href":"https:\/\/eatfatso.com\/fr\/wp-json\/wp\/v2\/comments?post=259301"}],"version-history":[{"count":2,"href":"https:\/\/eatfatso.com\/fr\/wp-json\/wp\/v2\/pages\/259301\/revisions"}],"predecessor-version":[{"id":259303,"href":"https:\/\/eatfatso.com\/fr\/wp-json\/wp\/v2\/pages\/259301\/revisions\/259303"}],"wp:attachment":[{"href":"https:\/\/eatfatso.com\/fr\/wp-json\/wp\/v2\/media?parent=259301"}],"wp:term":[{"taxonomy":"dipi_cpt_category","embeddable":true,"href":"https:\/\/eatfatso.com\/fr\/wp-json\/wp\/v2\/dipi_cpt_category?post=259301"}],"curies":[{"name":"wp","href":"https:\/\/api.w.org\/{rel}","templated":true}]}}