{"id":259295,"date":"2024-05-17T15:36:18","date_gmt":"2024-05-17T15:36:18","guid":{"rendered":"https:\/\/eatfatso.com\/notre-mission\/"},"modified":"2025-08-21T16:51:37","modified_gmt":"2025-08-21T16:51:37","slug":"notre-mission","status":"publish","type":"page","link":"https:\/\/eatfatso.com\/fr\/notre-mission\/","title":{"rendered":"Notre Mission"},"content":{"rendered":"<p>[et_pb_section fb_built=\u00a0\u00bb1&Prime; _builder_version=\u00a0\u00bb4.25.1&Prime; _module_preset=\u00a0\u00bbdefault\u00a0\u00bb global_colors_info=\u00a0\u00bb{}\u00a0\u00bb][et_pb_row _builder_version=\u00a0\u00bb4.25.1&Prime; _module_preset=\u00a0\u00bbdefault\u00a0\u00bb global_colors_info=\u00a0\u00bb{}\u00a0\u00bb][et_pb_column type=\u00a0\u00bb4_4&Prime; _builder_version=\u00a0\u00bb4.25.1&Prime; _module_preset=\u00a0\u00bbdefault\u00a0\u00bb global_colors_info=\u00a0\u00bb{}\u00a0\u00bb][et_pb_image src=\u00a0\u00bbhttps:\/\/eatfatso.com\/wp-content\/uploads\/2024\/05\/download-scaled.webp\u00a0\u00bb title_text=\u00a0\u00bbdownload\u00a0\u00bb _builder_version=\u00a0\u00bb4.25.2&Prime; _module_preset=\u00a0\u00bbdefault\u00a0\u00bb max_width=\u00a0\u00bb35%\u00a0\u00bb max_width_tablet=\u00a0\u00bb100%\u00a0\u00bb max_width_phone=\u00a0\u00bb100%\u00a0\u00bb max_width_last_edited=\u00a0\u00bbon|phone\u00a0\u00bb module_alignment=\u00a0\u00bbcenter\u00a0\u00bb animation_style=\u00a0\u00bbzoom\u00a0\u00bb animation_intensity_zoom=\u00a0\u00bb20%\u00a0\u00bb global_colors_info=\u00a0\u00bb{}\u00a0\u00bb][\/et_pb_image][et_pb_heading title=\u00a0\u00bbDES ALIMENTS DE MEILLEURE QUALIT\u00c9 POUR TOUS\u00a0\u00bb _builder_version=\u00a0\u00bb4.27.0&Prime; _module_preset=\u00a0\u00bbdefault\u00a0\u00bb title_text_align=\u00a0\u00bbcenter\u00a0\u00bb title_font_size=\u00a0\u00bb54px\u00a0\u00bb hover_enabled=\u00a0\u00bb0&Prime; title_font_size_tablet=\u00a0\u00bb54px\u00a0\u00bb title_font_size_phone=\u00a0\u00bb54px\u00a0\u00bb title_font_size_last_edited=\u00a0\u00bbon|desktop\u00a0\u00bb global_colors_info=\u00a0\u00bb{}\u00a0\u00bb sticky_enabled=\u00a0\u00bb0&Prime;][\/et_pb_heading][et_pb_text _builder_version=\u00a0\u00bb4.25.2&Prime; _module_preset=\u00a0\u00bbdefault\u00a0\u00bb text_font=\u00a0\u00bb|300|||||||\u00a0\u00bb text_font_size=\u00a0\u00bb18px\u00a0\u00bb text_line_height=\u00a0\u00bb1.8em\u00a0\u00bb text_orientation=\u00a0\u00bbjustified\u00a0\u00bb max_width=\u00a0\u00bb58%\u00a0\u00bb max_width_tablet=\u00a0\u00bb100%\u00a0\u00bb max_width_phone=\u00a0\u00bb100%\u00a0\u00bb max_width_last_edited=\u00a0\u00bbon|phone\u00a0\u00bb module_alignment=\u00a0\u00bbcenter\u00a0\u00bb text_font_size_tablet=\u00a0\u00bb18px\u00a0\u00bb text_font_size_phone=\u00a0\u00bb18px\u00a0\u00bb text_font_size_last_edited=\u00a0\u00bbon|desktop\u00a0\u00bb text_line_height_tablet=\u00a0\u00bb1.8em\u00a0\u00bb text_line_height_phone=\u00a0\u00bb1.8em\u00a0\u00bb text_line_height_last_edited=\u00a0\u00bbon|desktop\u00a0\u00bb global_colors_info=\u00a0\u00bb{}\u00a0\u00bb]<\/p>\n<p>Fatso a \u00e9t\u00e9 fond\u00e9e dans le but de proposer une meilleure nutrition \u00e0 davantage de monde. Tout le monde devrait avoir acc\u00e8s \u00e0 des aliments riches en nutriments et en ingr\u00e9dients divers et vari\u00e9s. Les aliments riches en bonnes graisses et faibles en sucre devraient \u00eatre la r\u00e8gle, et non l\u2019exception. Fatso utilise des arachides, un ingr\u00e9dient rentable, comme base pour r\u00e9unir des bonnes graisses et des ingr\u00e9dients riches en fibres sans huile de palme ni sucre. C\u2019est ainsi que nous avons cr\u00e9\u00e9 un beurre de noix d\u00e9licieux et nutritif, \u00e0 un prix abordable pour un plus grand nombre de personnes. Il s\u2019agit d\u2019une philosophie plut\u00f4t simple en fait.     <\/p>\n<p>[\/et_pb_text][et_pb_text _builder_version=\u00a0\u00bb4.25.1&Prime; _module_preset=\u00a0\u00bbdefault\u00a0\u00bb text_font=\u00a0\u00bb|300|||||||\u00a0\u00bb text_font_size=\u00a0\u00bb18px\u00a0\u00bb text_line_height=\u00a0\u00bb1.8em\u00a0\u00bb text_orientation=\u00a0\u00bbjustified\u00a0\u00bb max_width=\u00a0\u00bb58%\u00a0\u00bb max_width_tablet=\u00a0\u00bb100%\u00a0\u00bb max_width_phone=\u00a0\u00bb100%\u00a0\u00bb max_width_last_edited=\u00a0\u00bbon|phone\u00a0\u00bb module_alignment=\u00a0\u00bbcenter\u00a0\u00bb text_font_size_tablet=\u00a0\u00bb18px\u00a0\u00bb text_font_size_phone=\u00a0\u00bb18px\u00a0\u00bb text_font_size_last_edited=\u00a0\u00bbon|desktop\u00a0\u00bb text_line_height_tablet=\u00a0\u00bb1.8em\u00a0\u00bb text_line_height_phone=\u00a0\u00bb1.8em\u00a0\u00bb text_line_height_last_edited=\u00a0\u00bbon|desktop\u00a0\u00bb global_colors_info=\u00a0\u00bb{}\u00a0\u00bb]<\/p>\n<p>Il existe tellement de groupes qui \u0153uvrent pour le bien de leurs communaut\u00e9s, et Fatso s\u2019est efforc\u00e9 de soutenir les organismes qui viennent en aide aux communaut\u00e9s les plus d\u00e9munies. Depuis 2021, Fatso a fait don de plus de 200 k$ de produits \u00e0 des banques alimentaires, des communaut\u00e9s et des organismes qui luttent pour leur s\u00e9curit\u00e9 alimentaire ou ont besoin de fonds pour faire avancer leur mission. <\/p>\n<p>[\/et_pb_text][\/et_pb_column][\/et_pb_row][et_pb_row column_structure=\u00a0\u00bb1_3,1_3,1_3&Prime; _builder_version=\u00a0\u00bb4.25.1&Prime; _module_preset=\u00a0\u00bbdefault\u00a0\u00bb width=\u00a0\u00bb50%\u00a0\u00bb global_colors_info=\u00a0\u00bb{}\u00a0\u00bb][et_pb_column type=\u00a0\u00bb1_3&Prime; _builder_version=\u00a0\u00bb4.25.1&Prime; _module_preset=\u00a0\u00bbdefault\u00a0\u00bb global_colors_info=\u00a0\u00bb{}\u00a0\u00bb][et_pb_image src=\u00a0\u00bbhttps:\/\/eatfatso.com\/wp-content\/uploads\/2024\/05\/download.avif\u00a0\u00bb title_text=\u00a0\u00bbdownload\u00a0\u00bb _builder_version=\u00a0\u00bb4.25.2&Prime; _module_preset=\u00a0\u00bbdefault\u00a0\u00bb max_width=\u00a0\u00bb35%\u00a0\u00bb max_width_tablet=\u00a0\u00bb100%\u00a0\u00bb max_width_phone=\u00a0\u00bb100%\u00a0\u00bb max_width_last_edited=\u00a0\u00bbon|desktop\u00a0\u00bb module_alignment=\u00a0\u00bbcenter\u00a0\u00bb animation_style=\u00a0\u00bbzoom\u00a0\u00bb animation_intensity_zoom=\u00a0\u00bb20%\u00a0\u00bb global_colors_info=\u00a0\u00bb{}\u00a0\u00bb][\/et_pb_image][et_pb_heading title=\u00a0\u00bbNutrition\u00a0\u00bb _builder_version=\u00a0\u00bb4.27.0&Prime; _module_preset=\u00a0\u00bbdefault\u00a0\u00bb hover_enabled=\u00a0\u00bb0&Prime; global_colors_info=\u00a0\u00bb{}\u00a0\u00bb title_level=\u00a0\u00bbh2&Prime; sticky_enabled=\u00a0\u00bb0&Prime;][\/et_pb_heading][et_pb_text _builder_version=\u00a0\u00bb4.25.1&Prime; _module_preset=\u00a0\u00bbdefault\u00a0\u00bb ul_font=\u00a0\u00bb|300|||||||\u00a0\u00bb ul_font_size=\u00a0\u00bb17px\u00a0\u00bb ul_line_height=\u00a0\u00bb2em\u00a0\u00bb ul_font_size_tablet=\u00a0\u00bb17px\u00a0\u00bb ul_font_size_phone=\u00a0\u00bb17px\u00a0\u00bb ul_font_size_last_edited=\u00a0\u00bbon|desktop\u00a0\u00bb global_colors_info=\u00a0\u00bb{}\u00a0\u00bb]<\/p>\n<div id=\"s-282a13f3-180a-4357-bc71-486879438df7\" class=\"shg-c \">\n<div class=\"shg-rich-text shg-theme-text-content\">\n<ul>\n<li>Des aliments accessibles, inclusifs et nutritifs.<\/li>\n<li>De bonnes graisses, des ingr\u00e9dients entiers et des saveurs exceptionnelles. \u00c0 jamais sans huile de palme ni sucre! <\/li>\n<li>Nous sommes vou\u00e9s \u00e0 la densit\u00e9 nutritionnelle et \u00e0 la diversit\u00e9 des ingr\u00e9dients.<\/li>\n<\/ul>\n<\/div>\n<\/div>\n<div class=\"shg-c \" id=\"s-7d2e3b86-f12d-4173-ab0f-9003f75ac54a\">\n<div class=\"shg-row\" data-col-grid-mode-on=\"\">\n<div class=\"shg-c-lg-4 shg-c-md-4 shg-c-sm-4 shg-c-xs-12\"><\/div>\n<\/div>\n<\/div>\n<p>[\/et_pb_text][\/et_pb_column][et_pb_column type=\u00a0\u00bb1_3&Prime; _builder_version=\u00a0\u00bb4.25.1&Prime; _module_preset=\u00a0\u00bbdefault\u00a0\u00bb global_colors_info=\u00a0\u00bb{}\u00a0\u00bb][et_pb_image src=\u00a0\u00bbhttps:\/\/eatfatso.com\/wp-content\/uploads\/2024\/05\/download-1.avif\u00a0\u00bb title_text=\u00a0\u00bbdownload (1)\u00a0\u00bb _builder_version=\u00a0\u00bb4.25.1&Prime; _module_preset=\u00a0\u00bbdefault\u00a0\u00bb max_width=\u00a0\u00bb35%\u00a0\u00bb max_width_tablet=\u00a0\u00bb100%\u00a0\u00bb max_width_phone=\u00a0\u00bb100%\u00a0\u00bb max_width_last_edited=\u00a0\u00bbon|phone\u00a0\u00bb module_alignment=\u00a0\u00bbcenter\u00a0\u00bb animation_style=\u00a0\u00bbzoom\u00a0\u00bb animation_intensity_zoom=\u00a0\u00bb20%\u00a0\u00bb global_colors_info=\u00a0\u00bb{}\u00a0\u00bb][\/et_pb_image][et_pb_heading title=\u00a0\u00bbCommunaut\u00e9\u00a0\u00bb _builder_version=\u00a0\u00bb4.27.0&Prime; _module_preset=\u00a0\u00bbdefault\u00a0\u00bb hover_enabled=\u00a0\u00bb0&Prime; global_colors_info=\u00a0\u00bb{}\u00a0\u00bb title_level=\u00a0\u00bbh2&Prime; sticky_enabled=\u00a0\u00bb0&Prime;][\/et_pb_heading][et_pb_text _builder_version=\u00a0\u00bb4.25.1&Prime; _module_preset=\u00a0\u00bbdefault\u00a0\u00bb ul_font=\u00a0\u00bb|300|||||||\u00a0\u00bb ul_font_size=\u00a0\u00bb17px\u00a0\u00bb ul_line_height=\u00a0\u00bb2em\u00a0\u00bb ul_font_size_tablet=\u00a0\u00bb17px\u00a0\u00bb ul_font_size_phone=\u00a0\u00bb17px\u00a0\u00bb ul_font_size_last_edited=\u00a0\u00bbon|desktop\u00a0\u00bb global_colors_info=\u00a0\u00bb{}\u00a0\u00bb]<\/p>\n<div id=\"s-282a13f3-180a-4357-bc71-486879438df7\" class=\"shg-c \">\n<div class=\"shg-rich-text shg-theme-text-content\">\n<ul>\n<li>Nous nous engageons <span>\u00e0 <span>redonner \u00e0 nos communaut\u00e9s locales et \u00e9loign\u00e9es<\/span><\/span><\/li>\n<li><span>Sans OGM, v\u00e9g\u00e9talien, casher et certifi\u00e9 sans gluten<\/span><\/li>\n<\/ul>\n<\/div>\n<\/div>\n<div class=\"shg-c \" id=\"s-7d2e3b86-f12d-4173-ab0f-9003f75ac54a\">\n<div class=\"shg-row\" data-col-grid-mode-on=\"\">\n<div class=\"shg-c-lg-4 shg-c-md-4 shg-c-sm-4 shg-c-xs-12\"><\/div>\n<\/div>\n<\/div>\n<p>[\/et_pb_text][\/et_pb_column][et_pb_column type=\u00a0\u00bb1_3&Prime; _builder_version=\u00a0\u00bb4.25.1&Prime; _module_preset=\u00a0\u00bbdefault\u00a0\u00bb global_colors_info=\u00a0\u00bb{}\u00a0\u00bb][et_pb_image src=\u00a0\u00bbhttps:\/\/eatfatso.com\/wp-content\/uploads\/2024\/05\/download-2.avif\u00a0\u00bb title_text=\u00a0\u00bbdownload (2)\u00a0\u00bb _builder_version=\u00a0\u00bb4.25.1&Prime; _module_preset=\u00a0\u00bbdefault\u00a0\u00bb max_width=\u00a0\u00bb35%\u00a0\u00bb max_width_tablet=\u00a0\u00bb100%\u00a0\u00bb max_width_phone=\u00a0\u00bb100%\u00a0\u00bb max_width_last_edited=\u00a0\u00bbon|phone\u00a0\u00bb module_alignment=\u00a0\u00bbcenter\u00a0\u00bb animation_style=\u00a0\u00bbzoom\u00a0\u00bb animation_intensity_zoom=\u00a0\u00bb20%\u00a0\u00bb global_colors_info=\u00a0\u00bb{}\u00a0\u00bb][\/et_pb_image][et_pb_heading title=\u00a0\u00bbOp\u00e9rations\u00a0\u00bb _builder_version=\u00a0\u00bb4.27.0&Prime; _module_preset=\u00a0\u00bbdefault\u00a0\u00bb hover_enabled=\u00a0\u00bb0&Prime; global_colors_info=\u00a0\u00bb{}\u00a0\u00bb title_level=\u00a0\u00bbh2&Prime; sticky_enabled=\u00a0\u00bb0&Prime;][\/et_pb_heading][et_pb_text _builder_version=\u00a0\u00bb4.25.1&Prime; _module_preset=\u00a0\u00bbdefault\u00a0\u00bb ul_font=\u00a0\u00bb|300|||||||\u00a0\u00bb ul_font_size=\u00a0\u00bb17px\u00a0\u00bb ul_line_height=\u00a0\u00bb2em\u00a0\u00bb ul_font_size_tablet=\u00a0\u00bb17px\u00a0\u00bb ul_font_size_phone=\u00a0\u00bb17px\u00a0\u00bb ul_font_size_last_edited=\u00a0\u00bbon|desktop\u00a0\u00bb global_colors_info=\u00a0\u00bb{}\u00a0\u00bb]<\/p>\n<div id=\"s-282a13f3-180a-4357-bc71-486879438df7\" class=\"shg-c \">\n<div class=\"shg-rich-text shg-theme-text-content\">\n<ul>\n<li><span>Nous soutenons activement les causes sociales o\u00f9 et quand c\u2019est possible<\/span><\/li>\n<li><span>Nous nous effor\u00e7ons d\u2019appliquer les pratiques exemplaires en mati\u00e8re d\u2019entreprise, de produits et de philanthropie<\/span><\/li>\n<li><span>Nous restons innovants et avant-gardistes<\/span><\/li>\n<\/ul>\n<\/div>\n<\/div>\n<div class=\"shg-c \" id=\"s-7d2e3b86-f12d-4173-ab0f-9003f75ac54a\">\n<div class=\"shg-row\" data-col-grid-mode-on=\"\">\n<div class=\"shg-c-lg-4 shg-c-md-4 shg-c-sm-4 shg-c-xs-12\"><\/div>\n<\/div>\n<\/div>\n<p>[\/et_pb_text][\/et_pb_column][\/et_pb_row][\/et_pb_section]<\/p>\n","protected":false},"excerpt":{"rendered":"<p>Fatso a \u00e9t\u00e9 fond\u00e9e dans le but de proposer une meilleure nutrition \u00e0 davantage de monde. Tout le monde devrait avoir acc\u00e8s \u00e0 des aliments riches en nutriments et en ingr\u00e9dients divers et vari\u00e9s. Les aliments riches en bonnes graisses et faibles en sucre devraient \u00eatre la r\u00e8gle, et non l\u2019exception. Fatso utilise des arachides, [&hellip;]<\/p>\n","protected":false},"author":1,"featured_media":0,"parent":0,"menu_order":0,"comment_status":"closed","ping_status":"closed","template":"","meta":{"_et_pb_use_builder":"on","_et_pb_old_content":"","_et_gb_content_width":"","footnotes":""},"dipi_cpt_category":[],"class_list":["post-259295","page","type-page","status-publish","hentry"],"yoast_head":"<!-- This site is optimized with the Yoast SEO plugin v27.3 - https:\/\/yoast.com\/product\/yoast-seo-wordpress\/ -->\n<title>Notre Mission - FATSO<\/title>\n<meta name=\"description\" content=\"D\u00e9couvrez la mission de FATSO : offrir un beurre d\u2019arachide naturel avec des ingr\u00e9dients sains et simples. D\u00e9couvrez notre engagement envers la durabilit\u00e9.\" \/>\n<meta name=\"robots\" content=\"index, follow, max-snippet:-1, max-image-preview:large, max-video-preview:-1\" \/>\n<link rel=\"canonical\" href=\"https:\/\/eatfatso.com\/fr\/notre-mission\/\" \/>\n<meta property=\"og:locale\" content=\"fr_FR\" \/>\n<meta property=\"og:type\" content=\"article\" \/>\n<meta property=\"og:title\" content=\"Notre Mission - FATSO\" \/>\n<meta property=\"og:description\" content=\"D\u00e9couvrez la mission de FATSO : offrir un beurre d\u2019arachide naturel avec des ingr\u00e9dients sains et simples. D\u00e9couvrez notre engagement envers la durabilit\u00e9.\" \/>\n<meta property=\"og:url\" content=\"https:\/\/eatfatso.com\/fr\/notre-mission\/\" \/>\n<meta property=\"og:site_name\" content=\"FATSO\" \/>\n<meta property=\"article:publisher\" content=\"https:\/\/www.facebook.com\/eatfatso\/\" \/>\n<meta property=\"article:modified_time\" content=\"2025-08-21T16:51:37+00:00\" \/>\n<meta name=\"twitter:card\" content=\"summary_large_image\" \/>\n<meta name=\"twitter:label1\" content=\"Dur\u00e9e de lecture estim\u00e9e\" \/>\n\t<meta name=\"twitter:data1\" content=\"5 minutes\" \/>\n<script type=\"application\/ld+json\" class=\"yoast-schema-graph\">{\"@context\":\"https:\\\/\\\/schema.org\",\"@graph\":[{\"@type\":\"WebPage\",\"@id\":\"https:\\\/\\\/eatfatso.com\\\/fr\\\/notre-mission\\\/\",\"url\":\"https:\\\/\\\/eatfatso.com\\\/fr\\\/notre-mission\\\/\",\"name\":\"Notre Mission - FATSO\",\"isPartOf\":{\"@id\":\"https:\\\/\\\/eatfatso.com\\\/fr\\\/#website\"},\"datePublished\":\"2024-05-17T15:36:18+00:00\",\"dateModified\":\"2025-08-21T16:51:37+00:00\",\"description\":\"D\u00e9couvrez la mission de FATSO : offrir un beurre d\u2019arachide naturel avec des ingr\u00e9dients sains et simples. D\u00e9couvrez notre engagement envers la durabilit\u00e9.\",\"breadcrumb\":{\"@id\":\"https:\\\/\\\/eatfatso.com\\\/fr\\\/notre-mission\\\/#breadcrumb\"},\"inLanguage\":\"fr-FR\",\"potentialAction\":[{\"@type\":\"ReadAction\",\"target\":[\"https:\\\/\\\/eatfatso.com\\\/fr\\\/notre-mission\\\/\"]}]},{\"@type\":\"BreadcrumbList\",\"@id\":\"https:\\\/\\\/eatfatso.com\\\/fr\\\/notre-mission\\\/#breadcrumb\",\"itemListElement\":[{\"@type\":\"ListItem\",\"position\":1,\"name\":\"Home\",\"item\":\"https:\\\/\\\/eatfatso.com\\\/fr\\\/\"},{\"@type\":\"ListItem\",\"position\":2,\"name\":\"Notre Mission\"}]},{\"@type\":\"WebSite\",\"@id\":\"https:\\\/\\\/eatfatso.com\\\/fr\\\/#website\",\"url\":\"https:\\\/\\\/eatfatso.com\\\/fr\\\/\",\"name\":\"FATSO\",\"description\":\"Keto, Vegan, Gluten Free, Non GMO Peanut Butter\",\"publisher\":{\"@id\":\"https:\\\/\\\/eatfatso.com\\\/fr\\\/#organization\"},\"potentialAction\":[{\"@type\":\"SearchAction\",\"target\":{\"@type\":\"EntryPoint\",\"urlTemplate\":\"https:\\\/\\\/eatfatso.com\\\/fr\\\/?s={search_term_string}\"},\"query-input\":{\"@type\":\"PropertyValueSpecification\",\"valueRequired\":true,\"valueName\":\"search_term_string\"}}],\"inLanguage\":\"fr-FR\"},{\"@type\":\"Organization\",\"@id\":\"https:\\\/\\\/eatfatso.com\\\/fr\\\/#organization\",\"name\":\"FATSO\",\"url\":\"https:\\\/\\\/eatfatso.com\\\/fr\\\/\",\"logo\":{\"@type\":\"ImageObject\",\"inLanguage\":\"fr-FR\",\"@id\":\"https:\\\/\\\/eatfatso.com\\\/fr\\\/#\\\/schema\\\/logo\\\/image\\\/\",\"url\":\"https:\\\/\\\/eatfatso.com\\\/wp-content\\\/uploads\\\/2024\\\/05\\\/footer-logo_x50@2x.png\",\"contentUrl\":\"https:\\\/\\\/eatfatso.com\\\/wp-content\\\/uploads\\\/2024\\\/05\\\/footer-logo_x50@2x.png\",\"width\":110,\"height\":51,\"caption\":\"FATSO\"},\"image\":{\"@id\":\"https:\\\/\\\/eatfatso.com\\\/fr\\\/#\\\/schema\\\/logo\\\/image\\\/\"},\"sameAs\":[\"https:\\\/\\\/www.facebook.com\\\/eatfatso\\\/\",\"https:\\\/\\\/www.instagram.com\\\/eatfatso\\\/\",\"https:\\\/\\\/www.linkedin.com\\\/company\\\/fatso-nut-butters\\\/\"]}]}<\/script>\n<!-- \/ Yoast SEO plugin. -->","yoast_head_json":{"title":"Notre Mission - FATSO","description":"D\u00e9couvrez la mission de FATSO : offrir un beurre d\u2019arachide naturel avec des ingr\u00e9dients sains et simples. D\u00e9couvrez notre engagement envers la durabilit\u00e9.","robots":{"index":"index","follow":"follow","max-snippet":"max-snippet:-1","max-image-preview":"max-image-preview:large","max-video-preview":"max-video-preview:-1"},"canonical":"https:\/\/eatfatso.com\/fr\/notre-mission\/","og_locale":"fr_FR","og_type":"article","og_title":"Notre Mission - FATSO","og_description":"D\u00e9couvrez la mission de FATSO : offrir un beurre d\u2019arachide naturel avec des ingr\u00e9dients sains et simples. D\u00e9couvrez notre engagement envers la durabilit\u00e9.","og_url":"https:\/\/eatfatso.com\/fr\/notre-mission\/","og_site_name":"FATSO","article_publisher":"https:\/\/www.facebook.com\/eatfatso\/","article_modified_time":"2025-08-21T16:51:37+00:00","twitter_card":"summary_large_image","twitter_misc":{"Dur\u00e9e de lecture estim\u00e9e":"5 minutes"},"schema":{"@context":"https:\/\/schema.org","@graph":[{"@type":"WebPage","@id":"https:\/\/eatfatso.com\/fr\/notre-mission\/","url":"https:\/\/eatfatso.com\/fr\/notre-mission\/","name":"Notre Mission - FATSO","isPartOf":{"@id":"https:\/\/eatfatso.com\/fr\/#website"},"datePublished":"2024-05-17T15:36:18+00:00","dateModified":"2025-08-21T16:51:37+00:00","description":"D\u00e9couvrez la mission de FATSO : offrir un beurre d\u2019arachide naturel avec des ingr\u00e9dients sains et simples. D\u00e9couvrez notre engagement envers la durabilit\u00e9.","breadcrumb":{"@id":"https:\/\/eatfatso.com\/fr\/notre-mission\/#breadcrumb"},"inLanguage":"fr-FR","potentialAction":[{"@type":"ReadAction","target":["https:\/\/eatfatso.com\/fr\/notre-mission\/"]}]},{"@type":"BreadcrumbList","@id":"https:\/\/eatfatso.com\/fr\/notre-mission\/#breadcrumb","itemListElement":[{"@type":"ListItem","position":1,"name":"Home","item":"https:\/\/eatfatso.com\/fr\/"},{"@type":"ListItem","position":2,"name":"Notre Mission"}]},{"@type":"WebSite","@id":"https:\/\/eatfatso.com\/fr\/#website","url":"https:\/\/eatfatso.com\/fr\/","name":"FATSO","description":"Keto, Vegan, Gluten Free, Non GMO Peanut Butter","publisher":{"@id":"https:\/\/eatfatso.com\/fr\/#organization"},"potentialAction":[{"@type":"SearchAction","target":{"@type":"EntryPoint","urlTemplate":"https:\/\/eatfatso.com\/fr\/?s={search_term_string}"},"query-input":{"@type":"PropertyValueSpecification","valueRequired":true,"valueName":"search_term_string"}}],"inLanguage":"fr-FR"},{"@type":"Organization","@id":"https:\/\/eatfatso.com\/fr\/#organization","name":"FATSO","url":"https:\/\/eatfatso.com\/fr\/","logo":{"@type":"ImageObject","inLanguage":"fr-FR","@id":"https:\/\/eatfatso.com\/fr\/#\/schema\/logo\/image\/","url":"https:\/\/eatfatso.com\/wp-content\/uploads\/2024\/05\/footer-logo_x50@2x.png","contentUrl":"https:\/\/eatfatso.com\/wp-content\/uploads\/2024\/05\/footer-logo_x50@2x.png","width":110,"height":51,"caption":"FATSO"},"image":{"@id":"https:\/\/eatfatso.com\/fr\/#\/schema\/logo\/image\/"},"sameAs":["https:\/\/www.facebook.com\/eatfatso\/","https:\/\/www.instagram.com\/eatfatso\/","https:\/\/www.linkedin.com\/company\/fatso-nut-butters\/"]}]}},"_links":{"self":[{"href":"https:\/\/eatfatso.com\/fr\/wp-json\/wp\/v2\/pages\/259295","targetHints":{"allow":["GET"]}}],"collection":[{"href":"https:\/\/eatfatso.com\/fr\/wp-json\/wp\/v2\/pages"}],"about":[{"href":"https:\/\/eatfatso.com\/fr\/wp-json\/wp\/v2\/types\/page"}],"author":[{"embeddable":true,"href":"https:\/\/eatfatso.com\/fr\/wp-json\/wp\/v2\/users\/1"}],"replies":[{"embeddable":true,"href":"https:\/\/eatfatso.com\/fr\/wp-json\/wp\/v2\/comments?post=259295"}],"version-history":[{"count":2,"href":"https:\/\/eatfatso.com\/fr\/wp-json\/wp\/v2\/pages\/259295\/revisions"}],"predecessor-version":[{"id":259297,"href":"https:\/\/eatfatso.com\/fr\/wp-json\/wp\/v2\/pages\/259295\/revisions\/259297"}],"wp:attachment":[{"href":"https:\/\/eatfatso.com\/fr\/wp-json\/wp\/v2\/media?parent=259295"}],"wp:term":[{"taxonomy":"dipi_cpt_category","embeddable":true,"href":"https:\/\/eatfatso.com\/fr\/wp-json\/wp\/v2\/dipi_cpt_category?post=259295"}],"curies":[{"name":"wp","href":"https:\/\/api.w.org\/{rel}","templated":true}]}}