{"id":259293,"date":"2024-05-17T15:34:50","date_gmt":"2024-05-17T15:34:50","guid":{"rendered":"https:\/\/eatfatso.com\/trouver-fatso\/"},"modified":"2025-08-21T16:43:11","modified_gmt":"2025-08-21T16:43:11","slug":"trouver-fatso","status":"publish","type":"page","link":"https:\/\/eatfatso.com\/fr\/trouver-fatso\/","title":{"rendered":"TROUVER FATSO"},"content":{"rendered":"\n[et_pb_section fb_built=\u00a0\u00bb1&Prime; _builder_version=\u00a0\u00bb4.25.1&Prime; _module_preset=\u00a0\u00bbdefault\u00a0\u00bb min_height=\u00a0\u00bb70vh\u00a0\u00bb global_colors_info=\u00a0\u00bb{}\u00a0\u00bb][et_pb_row _builder_version=\u00a0\u00bb4.25.1&Prime; _module_preset=\u00a0\u00bbdefault\u00a0\u00bb global_colors_info=\u00a0\u00bb{}\u00a0\u00bb][et_pb_column type=\u00a0\u00bb4_4&Prime; _builder_version=\u00a0\u00bb4.25.1&Prime; _module_preset=\u00a0\u00bbdefault\u00a0\u00bb global_colors_info=\u00a0\u00bb{}\u00a0\u00bb][et_pb_heading title=\u00a0\u00bbO\u00d9 TROUVER LES PRODUITS FATSO?\u00a0\u00bb _builder_version=\u00a0\u00bb4.25.1&Prime; _module_preset=\u00a0\u00bbdefault\u00a0\u00bb title_font=\u00a0\u00bb|700|||||||\u00a0\u00bb title_font_size=\u00a0\u00bb46px\u00a0\u00bb title_font_size_tablet=\u00a0\u00bb46px\u00a0\u00bb title_font_size_phone=\u00a0\u00bb46px\u00a0\u00bb title_font_size_last_edited=\u00a0\u00bbon|desktop\u00a0\u00bb global_colors_info=\u00a0\u00bb{}\u00a0\u00bb][\/et_pb_heading][et_pb_text _builder_version=\u00a0\u00bb4.25.2&Prime; _module_preset=\u00a0\u00bbdefault\u00a0\u00bb text_font=\u00a0\u00bb|300|||||||\u00a0\u00bb text_font_size=\u00a0\u00bb18px\u00a0\u00bb text_line_height=\u00a0\u00bb1.8em\u00a0\u00bb hover_enabled=\u00a0\u00bb0&Prime; text_font_size_tablet=\u00a0\u00bb18px\u00a0\u00bb text_font_size_phone=\u00a0\u00bb18px\u00a0\u00bb text_font_size_last_edited=\u00a0\u00bbon|desktop\u00a0\u00bb text_line_height_tablet=\u00a0\u00bb1.8em\u00a0\u00bb text_line_height_phone=\u00a0\u00bb1.8em\u00a0\u00bb text_line_height_last_edited=\u00a0\u00bbon|desktop\u00a0\u00bb global_colors_info=\u00a0\u00bb{}\u00a0\u00bb sticky_enabled=\u00a0\u00bb0&Prime;]<p>Nous aimons mener une vie saine, mais \u00e7a ne veut pas dire que nous voulons que vous alliez \u00e0 droite et \u00e0 gauche pour trouver Fatso. Vous pourrez trouver nos produits dans des boutiques et des cha\u00eenes ind\u00e9pendantes dans tout le pays, ou en ligne sur <a href=\"https:\/\/www.amazon.ca\/stores\/Fatso\/page\/35E87141-5B9F-47B4-8F64-B2ED77A76FDD?ref_=ast_bln&amp;store_ref=bl_ast_dp_brandLogo_sto\" target=\"_blank\" rel=\"noopener\">Amazon<\/a> et <a href=\"https:\/\/well.ca\/brand\/fatso.html\">Well.ca<\/a>. Utilisez notre localisateur de magasins pour trouver le plus proche. Si vous \u00eates un d\u00e9taillant et que vous aimeriez proposer nos produits \u00e0 la vente, <a href=\"https:\/\/eatfatso.com\/contact-us\/\">communiquez avec nous<\/a>.<\/p>[\/et_pb_text][\/et_pb_column][\/et_pb_row][et_pb_row _builder_version=\u00a0\u00bb4.25.1&Prime; _module_preset=\u00a0\u00bbdefault\u00a0\u00bb global_colors_info=\u00a0\u00bb{}\u00a0\u00bb][et_pb_column type=\u00a0\u00bb4_4&Prime; _builder_version=\u00a0\u00bb4.25.1&Prime; _module_preset=\u00a0\u00bbdefault\u00a0\u00bb global_colors_info=\u00a0\u00bb{}\u00a0\u00bb][et_pb_code _builder_version=\u00a0\u00bb4.25.2&Prime; _module_preset=\u00a0\u00bbdefault\u00a0\u00bb global_colors_info=\u00a0\u00bb{}\u00a0\u00bb]\r\n            \r\n            \r\n            \r\n            <a name='map1'><\/a>\r\n            \r\n            \r\n            \r\n            \r\n            <div class=\"wpgmza_map \"  id=\"wpgmza_map_1\" style=\"display:block; overflow:auto; width:100%; height:600px; margin-left:auto !important; margin-right:auto !important; align:center;\" data-settings='{\"id\":\"1\",\"map_title\":\"Find FATSO\",\"map_width\":\"100\",\"map_height\":\"600\",\"map_start_lat\":\"53.243025519693674\",\"map_start_lng\":\"-94.03785951055282\",\"map_start_location\":\"\",\"map_start_zoom\":\"4\",\"default_marker\":\"\",\"type\":\"1\",\"alignment\":\"0\",\"directions_enabled\":\"0\",\"styling_enabled\":\"0\",\"styling_json\":\"\",\"active\":\"0\",\"kml\":\"\",\"bicycle\":\"0\",\"traffic\":\"0\",\"dbox\":\"1\",\"dbox_width\":\"100\",\"listmarkers\":\"0\",\"listmarkers_advanced\":\"0\",\"filterbycat\":\"0\",\"ugm_enabled\":\"0\",\"ugm_category_enabled\":\"0\",\"fusion\":\"\",\"map_width_type\":\"%\",\"map_height_type\":\"px\",\"mass_marker_support\":\"0\",\"ugm_access\":\"0\",\"order_markers_by\":\"1\",\"order_markers_choice\":\"1\",\"show_user_location\":\"1\",\"default_to\":\"\",\"other_settings\":{\"map_type\":1,\"sl_stroke_color\":\"#ff0000\",\"sl_fill_color\":\"#ff0000\",\"sl_stroke_opacity\":\"1\",\"sl_fill_opacity\":\"0.5\",\"transport_layer\":false,\"shortcodeAttributes\":{\"id\":\"1\"},\"action\":\"wpgmza_save_map\",\"redirect_to\":\"\\\/staging\\\/fatso\\\/wp-admin\\\/admin-post.php\",\"map_id\":\"1\",\"http_referer\":\"\\\/staging\\\/fatso\\\/wp-admin\\\/admin.php?page=wp-google-maps-menu&amp;amp;action=edit&amp;amp;map_id=1\",\"wpgmza_id\":\"1\",\"wpgmza_start_location\":\"53.243025519693674,-94.03785951055282\",\"wpgmza_start_zoom\":\"4\",\"wpgmza_theme_data\":\"\",\"wpgmza_dbox_width_type\":\"%\",\"default_from\":\"\",\"directions_behaviour\":\"default\",\"force_google_directions_app\":false,\"directions_route_origin_icon\":\"https:\\\/\\\/eatfatso.com\\\/wp-content\\\/plugins\\\/wp-google-maps\\\/images\\\/spotlight-poi3.png\",\"directions_origin_retina\":false,\"directions_route_destination_icon\":\"https:\\\/\\\/eatfatso.com\\\/wp-content\\\/uploads\\\/wp-google-maps\\\/icons\\\/667b2fdd40f100-39406128.png\",\"directions_destination_retina\":false,\"directions_route_stroke_color\":\"#4f8df5\",\"directions_route_stroke_weight\":\"4\",\"directions_route_stroke_opacity\":\"0.8\",\"directions_fit_bounds_to_route\":false,\"store_locator_enabled\":false,\"store_locator_search_area\":\"radial\",\"wpgmza_store_locator_radius_style\":\"legacy\",\"wpgmza_store_locator_default_radius\":\"10\",\"store_locator_auto_area_max_zoom\":\"\",\"wpgmza_store_locator_restrict\":\"\",\"store_locator_distance\":false,\"wpgmza_store_locator_position\":false,\"store_locator_show_distance\":false,\"store_locator_category\":false,\"wpgmza_store_locator_use_their_location\":false,\"wpgmza_store_locator_bounce\":false,\"upload_default_sl_marker\":\"\",\"upload_default_sl_marker_retina\":false,\"wpgmza_sl_animation\":\"0\",\"wpgmza_store_locator_hide_before_search\":false,\"store_locator_query_string\":\"\",\"store_locator_location_placeholder\":\"\",\"store_locator_default_address\":\"\",\"store_locator_name_search\":false,\"store_locator_name_string\":\"\",\"store_locator_not_found_message\":\"\",\"retina\":false,\"wpgmza_map_align\":\"2\",\"upload_default_ul_marker\":\"https:\\\/\\\/eatfatso.com\\\/wp-content\\\/uploads\\\/wp-google-maps\\\/icons\\\/667b2f2f68e471-15359657.png\",\"upload_default_ul_marker_retina\":true,\"jump_to_nearest_marker_on_initialization\":false,\"automatically_pan_to_users_location\":true,\"override_users_location_zoom_level\":false,\"override_users_location_zoom_levels\":\"\",\"show_distance_from_location\":true,\"map_max_zoom\":\"21\",\"map_min_zoom\":\"0\",\"click_open_link\":false,\"fit_maps_bounds_to_markers\":false,\"fit_maps_bounds_to_markers_after_filtering\":false,\"hide_point_of_interest\":false,\"wpgmza_zoom_on_marker_click\":false,\"wpgmza_zoom_on_marker_click_slider\":\"\",\"close_infowindow_on_map_click\":true,\"disable_lightbox_images\":false,\"use_Raw_Jpeg_Coordinates\":false,\"polygon_labels\":false,\"disable_polygon_info_windows\":false,\"enable_advanced_custom_fields_integration\":false,\"enable_toolset_woocommerce_integration\":false,\"enable_woo_product_integration\":false,\"enable_marker_labels\":false,\"only_load_markers_within_viewport\":false,\"zoom_level_mobile_override_enabled\":false,\"zoom_level_mobile_override\":\"\",\"iw_primary_color\":\"#000000\",\"iw_accent_color\":\"#000000\",\"iw_text_color\":\"#000000\",\"wpgmza_listmarkers_by\":\"0\",\"wpgmza_marker_listing_position\":false,\"wpgmza_push_in_map\":false,\"wpgmza_push_in_map_placement\":\"1\",\"wpgmza_push_in_map_width\":\"\",\"wpgmza_push_in_map_height\":\"\",\"zoom_level_on_marker_listing_override\":false,\"zoom_level_on_marker_listing_click\":\"\",\"marker_listing_disable_zoom\":false,\"datatable_no_result_message\":\"\",\"remove_search_box_datables\":false,\"dataTable_pagination_style\":\"default\",\"datatable_search_string\":\"\",\"datatable_result_start\":\"\",\"datatable_result_of\":\"\",\"datatable_result_to\":\"\",\"datatable_result_total\":\"\",\"datatable_result_show\":\"\",\"datatable_result_entries\":\"\",\"wpgmza_savemap\":\"Save Map \\u00bb\",\"enable_filter_custom_field_1\":false,\"enable_filter_custom_field_2\":false}}' data-map-id='1' data-shortcode-attributes='{\"id\":\"1\"}'> <\/div>\r\n            \r\n               \r\n        [\/et_pb_code][\/et_pb_column][\/et_pb_row][\/et_pb_section]\n","protected":false},"excerpt":{"rendered":"<p>Nous aimons mener une vie saine, mais \u00e7a ne veut pas dire que nous voulons que vous alliez \u00e0 droite et \u00e0 gauche pour trouver Fatso. Vous pourrez trouver nos produits dans des boutiques et des cha\u00eenes ind\u00e9pendantes dans tout le pays, ou en ligne sur Amazon et Well.ca. Utilisez notre localisateur de magasins pour [&hellip;]<\/p>\n","protected":false},"author":1,"featured_media":0,"parent":0,"menu_order":0,"comment_status":"closed","ping_status":"closed","template":"","meta":{"_et_pb_use_builder":"on","_et_pb_old_content":"","_et_gb_content_width":"","footnotes":""},"dipi_cpt_category":[],"class_list":["post-259293","page","type-page","status-publish","hentry"],"yoast_head":"<!-- This site is optimized with the Yoast SEO plugin v27.3 - https:\/\/yoast.com\/product\/yoast-seo-wordpress\/ -->\n<title>TROUVER FATSO - FATSO<\/title>\n<meta name=\"description\" content=\"Trouvez le beurre d\u2019arachide naturel FATSO pr\u00e8s de chez vous. Utilisez notre localisateur de magasins pour d\u00e9couvrir o\u00f9 acheter nos collations d\u00e9licieuses et sant\u00e9.\" \/>\n<meta name=\"robots\" content=\"index, follow, max-snippet:-1, max-image-preview:large, max-video-preview:-1\" \/>\n<link rel=\"canonical\" href=\"https:\/\/eatfatso.com\/fr\/trouver-fatso\/\" \/>\n<meta property=\"og:locale\" content=\"fr_FR\" \/>\n<meta property=\"og:type\" content=\"article\" \/>\n<meta property=\"og:title\" content=\"TROUVER FATSO - FATSO\" \/>\n<meta property=\"og:description\" content=\"Trouvez le beurre d\u2019arachide naturel FATSO pr\u00e8s de chez vous. Utilisez notre localisateur de magasins pour d\u00e9couvrir o\u00f9 acheter nos collations d\u00e9licieuses et sant\u00e9.\" \/>\n<meta property=\"og:url\" content=\"https:\/\/eatfatso.com\/fr\/trouver-fatso\/\" \/>\n<meta property=\"og:site_name\" content=\"FATSO\" \/>\n<meta property=\"article:publisher\" content=\"https:\/\/www.facebook.com\/eatfatso\/\" \/>\n<meta property=\"article:modified_time\" content=\"2025-08-21T16:43:11+00:00\" \/>\n<meta name=\"twitter:card\" content=\"summary_large_image\" \/>\n<meta name=\"twitter:label1\" content=\"Dur\u00e9e de lecture estim\u00e9e\" \/>\n\t<meta name=\"twitter:data1\" content=\"1 minute\" \/>\n<script type=\"application\/ld+json\" class=\"yoast-schema-graph\">{\"@context\":\"https:\\\/\\\/schema.org\",\"@graph\":[{\"@type\":\"WebPage\",\"@id\":\"https:\\\/\\\/eatfatso.com\\\/fr\\\/trouver-fatso\\\/\",\"url\":\"https:\\\/\\\/eatfatso.com\\\/fr\\\/trouver-fatso\\\/\",\"name\":\"TROUVER FATSO - FATSO\",\"isPartOf\":{\"@id\":\"https:\\\/\\\/eatfatso.com\\\/fr\\\/#website\"},\"datePublished\":\"2024-05-17T15:34:50+00:00\",\"dateModified\":\"2025-08-21T16:43:11+00:00\",\"description\":\"Trouvez le beurre d\u2019arachide naturel FATSO pr\u00e8s de chez vous. Utilisez notre localisateur de magasins pour d\u00e9couvrir o\u00f9 acheter nos collations d\u00e9licieuses et sant\u00e9.\",\"breadcrumb\":{\"@id\":\"https:\\\/\\\/eatfatso.com\\\/fr\\\/trouver-fatso\\\/#breadcrumb\"},\"inLanguage\":\"fr-FR\",\"potentialAction\":[{\"@type\":\"ReadAction\",\"target\":[\"https:\\\/\\\/eatfatso.com\\\/fr\\\/trouver-fatso\\\/\"]}]},{\"@type\":\"BreadcrumbList\",\"@id\":\"https:\\\/\\\/eatfatso.com\\\/fr\\\/trouver-fatso\\\/#breadcrumb\",\"itemListElement\":[{\"@type\":\"ListItem\",\"position\":1,\"name\":\"Home\",\"item\":\"https:\\\/\\\/eatfatso.com\\\/fr\\\/\"},{\"@type\":\"ListItem\",\"position\":2,\"name\":\"TROUVER FATSO\"}]},{\"@type\":\"WebSite\",\"@id\":\"https:\\\/\\\/eatfatso.com\\\/fr\\\/#website\",\"url\":\"https:\\\/\\\/eatfatso.com\\\/fr\\\/\",\"name\":\"FATSO\",\"description\":\"Keto, Vegan, Gluten Free, Non GMO Peanut Butter\",\"publisher\":{\"@id\":\"https:\\\/\\\/eatfatso.com\\\/fr\\\/#organization\"},\"potentialAction\":[{\"@type\":\"SearchAction\",\"target\":{\"@type\":\"EntryPoint\",\"urlTemplate\":\"https:\\\/\\\/eatfatso.com\\\/fr\\\/?s={search_term_string}\"},\"query-input\":{\"@type\":\"PropertyValueSpecification\",\"valueRequired\":true,\"valueName\":\"search_term_string\"}}],\"inLanguage\":\"fr-FR\"},{\"@type\":\"Organization\",\"@id\":\"https:\\\/\\\/eatfatso.com\\\/fr\\\/#organization\",\"name\":\"FATSO\",\"url\":\"https:\\\/\\\/eatfatso.com\\\/fr\\\/\",\"logo\":{\"@type\":\"ImageObject\",\"inLanguage\":\"fr-FR\",\"@id\":\"https:\\\/\\\/eatfatso.com\\\/fr\\\/#\\\/schema\\\/logo\\\/image\\\/\",\"url\":\"https:\\\/\\\/eatfatso.com\\\/wp-content\\\/uploads\\\/2024\\\/05\\\/footer-logo_x50@2x.png\",\"contentUrl\":\"https:\\\/\\\/eatfatso.com\\\/wp-content\\\/uploads\\\/2024\\\/05\\\/footer-logo_x50@2x.png\",\"width\":110,\"height\":51,\"caption\":\"FATSO\"},\"image\":{\"@id\":\"https:\\\/\\\/eatfatso.com\\\/fr\\\/#\\\/schema\\\/logo\\\/image\\\/\"},\"sameAs\":[\"https:\\\/\\\/www.facebook.com\\\/eatfatso\\\/\",\"https:\\\/\\\/www.instagram.com\\\/eatfatso\\\/\",\"https:\\\/\\\/www.linkedin.com\\\/company\\\/fatso-nut-butters\\\/\"]}]}<\/script>\n<!-- \/ Yoast SEO plugin. -->","yoast_head_json":{"title":"TROUVER FATSO - FATSO","description":"Trouvez le beurre d\u2019arachide naturel FATSO pr\u00e8s de chez vous. Utilisez notre localisateur de magasins pour d\u00e9couvrir o\u00f9 acheter nos collations d\u00e9licieuses et sant\u00e9.","robots":{"index":"index","follow":"follow","max-snippet":"max-snippet:-1","max-image-preview":"max-image-preview:large","max-video-preview":"max-video-preview:-1"},"canonical":"https:\/\/eatfatso.com\/fr\/trouver-fatso\/","og_locale":"fr_FR","og_type":"article","og_title":"TROUVER FATSO - FATSO","og_description":"Trouvez le beurre d\u2019arachide naturel FATSO pr\u00e8s de chez vous. Utilisez notre localisateur de magasins pour d\u00e9couvrir o\u00f9 acheter nos collations d\u00e9licieuses et sant\u00e9.","og_url":"https:\/\/eatfatso.com\/fr\/trouver-fatso\/","og_site_name":"FATSO","article_publisher":"https:\/\/www.facebook.com\/eatfatso\/","article_modified_time":"2025-08-21T16:43:11+00:00","twitter_card":"summary_large_image","twitter_misc":{"Dur\u00e9e de lecture estim\u00e9e":"1 minute"},"schema":{"@context":"https:\/\/schema.org","@graph":[{"@type":"WebPage","@id":"https:\/\/eatfatso.com\/fr\/trouver-fatso\/","url":"https:\/\/eatfatso.com\/fr\/trouver-fatso\/","name":"TROUVER FATSO - FATSO","isPartOf":{"@id":"https:\/\/eatfatso.com\/fr\/#website"},"datePublished":"2024-05-17T15:34:50+00:00","dateModified":"2025-08-21T16:43:11+00:00","description":"Trouvez le beurre d\u2019arachide naturel FATSO pr\u00e8s de chez vous. Utilisez notre localisateur de magasins pour d\u00e9couvrir o\u00f9 acheter nos collations d\u00e9licieuses et sant\u00e9.","breadcrumb":{"@id":"https:\/\/eatfatso.com\/fr\/trouver-fatso\/#breadcrumb"},"inLanguage":"fr-FR","potentialAction":[{"@type":"ReadAction","target":["https:\/\/eatfatso.com\/fr\/trouver-fatso\/"]}]},{"@type":"BreadcrumbList","@id":"https:\/\/eatfatso.com\/fr\/trouver-fatso\/#breadcrumb","itemListElement":[{"@type":"ListItem","position":1,"name":"Home","item":"https:\/\/eatfatso.com\/fr\/"},{"@type":"ListItem","position":2,"name":"TROUVER FATSO"}]},{"@type":"WebSite","@id":"https:\/\/eatfatso.com\/fr\/#website","url":"https:\/\/eatfatso.com\/fr\/","name":"FATSO","description":"Keto, Vegan, Gluten Free, Non GMO Peanut Butter","publisher":{"@id":"https:\/\/eatfatso.com\/fr\/#organization"},"potentialAction":[{"@type":"SearchAction","target":{"@type":"EntryPoint","urlTemplate":"https:\/\/eatfatso.com\/fr\/?s={search_term_string}"},"query-input":{"@type":"PropertyValueSpecification","valueRequired":true,"valueName":"search_term_string"}}],"inLanguage":"fr-FR"},{"@type":"Organization","@id":"https:\/\/eatfatso.com\/fr\/#organization","name":"FATSO","url":"https:\/\/eatfatso.com\/fr\/","logo":{"@type":"ImageObject","inLanguage":"fr-FR","@id":"https:\/\/eatfatso.com\/fr\/#\/schema\/logo\/image\/","url":"https:\/\/eatfatso.com\/wp-content\/uploads\/2024\/05\/footer-logo_x50@2x.png","contentUrl":"https:\/\/eatfatso.com\/wp-content\/uploads\/2024\/05\/footer-logo_x50@2x.png","width":110,"height":51,"caption":"FATSO"},"image":{"@id":"https:\/\/eatfatso.com\/fr\/#\/schema\/logo\/image\/"},"sameAs":["https:\/\/www.facebook.com\/eatfatso\/","https:\/\/www.instagram.com\/eatfatso\/","https:\/\/www.linkedin.com\/company\/fatso-nut-butters\/"]}]}},"_links":{"self":[{"href":"https:\/\/eatfatso.com\/fr\/wp-json\/wp\/v2\/pages\/259293","targetHints":{"allow":["GET"]}}],"collection":[{"href":"https:\/\/eatfatso.com\/fr\/wp-json\/wp\/v2\/pages"}],"about":[{"href":"https:\/\/eatfatso.com\/fr\/wp-json\/wp\/v2\/types\/page"}],"author":[{"embeddable":true,"href":"https:\/\/eatfatso.com\/fr\/wp-json\/wp\/v2\/users\/1"}],"replies":[{"embeddable":true,"href":"https:\/\/eatfatso.com\/fr\/wp-json\/wp\/v2\/comments?post=259293"}],"version-history":[{"count":1,"href":"https:\/\/eatfatso.com\/fr\/wp-json\/wp\/v2\/pages\/259293\/revisions"}],"predecessor-version":[{"id":259294,"href":"https:\/\/eatfatso.com\/fr\/wp-json\/wp\/v2\/pages\/259293\/revisions\/259294"}],"wp:attachment":[{"href":"https:\/\/eatfatso.com\/fr\/wp-json\/wp\/v2\/media?parent=259293"}],"wp:term":[{"taxonomy":"dipi_cpt_category","embeddable":true,"href":"https:\/\/eatfatso.com\/fr\/wp-json\/wp\/v2\/dipi_cpt_category?post=259293"}],"curies":[{"name":"wp","href":"https:\/\/api.w.org\/{rel}","templated":true}]}}